{"id":6,"date":"2022-07-10T14:59:57","date_gmt":"2022-07-10T14:59:57","guid":{"rendered":"http:\/\/hodowlahappyteddy.pl\/?page_id=6"},"modified":"2023-02-15T20:37:20","modified_gmt":"2023-02-15T20:37:20","slug":"o-happy-teddy","status":"publish","type":"page","link":"https:\/\/hodowlahappyteddy.pl\/index.php\/o-happy-teddy\/","title":{"rendered":"O NAS"},"content":{"rendered":"\n<div class=\"wp-block-media-text alignwide is-stacked-on-mobile animated fadeInLeft slow\" style=\"grid-template-columns:51% auto\"><figure class=\"wp-block-media-text__media\"><img loading=\"lazy\" decoding=\"async\" width=\"1024\" height=\"1024\" src=\"http:\/\/hodowlahappyteddy.pl\/wp-content\/uploads\/2022\/11\/o-Happy-Teddy-roz_Obszar-roboczy-1-1024x1024.png\" alt=\"\" class=\"wp-image-909 size-full\" srcset=\"https:\/\/hodowlahappyteddy.pl\/wp-content\/uploads\/2022\/11\/o-Happy-Teddy-roz_Obszar-roboczy-1-1024x1024.png 1024w, https:\/\/hodowlahappyteddy.pl\/wp-content\/uploads\/2022\/11\/o-Happy-Teddy-roz_Obszar-roboczy-1-300x300.png 300w, https:\/\/hodowlahappyteddy.pl\/wp-content\/uploads\/2022\/11\/o-Happy-Teddy-roz_Obszar-roboczy-1-150x150.png 150w, https:\/\/hodowlahappyteddy.pl\/wp-content\/uploads\/2022\/11\/o-Happy-Teddy-roz_Obszar-roboczy-1-768x768.png 768w, https:\/\/hodowlahappyteddy.pl\/wp-content\/uploads\/2022\/11\/o-Happy-Teddy-roz_Obszar-roboczy-1-1536x1536.png 1536w, https:\/\/hodowlahappyteddy.pl\/wp-content\/uploads\/2022\/11\/o-Happy-Teddy-roz_Obszar-roboczy-1-2048x2048.png 2048w, https:\/\/hodowlahappyteddy.pl\/wp-content\/uploads\/2022\/11\/o-Happy-Teddy-roz_Obszar-roboczy-1-1105x1105.png 1105w, https:\/\/hodowlahappyteddy.pl\/wp-content\/uploads\/2022\/11\/o-Happy-Teddy-roz_Obszar-roboczy-1-350x350.png 350w\" sizes=\"auto, (max-width: 1024px) 100vw, 1024px\" \/><\/figure><div class=\"wp-block-media-text__content\">\n<p class=\"has-text-align-justify\" style=\"font-size:14px\"><br>Mam na imi\u0119 Eliza. Hodowl\u0105 kr\u00f3lik\u00f3w miniaturowych zajmuj\u0119 si\u0119 od 2014 roku, natomiast stadko Karze\u0142k\u00f3w Teddy i oraz Mini Lop pod nazw\u0105 Happy Teddy prowadz\u0119 od 2017 roku. <\/p>\n\n\n\n<p class=\"has-text-align-justify\" style=\"font-size:14px\">Moja hodowla zarejestrowana jest w Krajowym Zwi\u0105zku Hodowc\u00f3w Kr\u00f3lik\u00f3w pod nr 806-P. Mo\u017cna te\u017c nas znale\u017a\u0107 w bazie danych firm CEIDG. Wychodz\u0105c na przeciw moim super wspania\u0142ym domkom, w 2021 roku zacz\u0105\u0142 te\u017c dzia\u0142a\u0107 sklep dla kr\u00f3liczk\u00f3w.<\/p>\n\n\n\n<p class=\"has-text-align-justify\" style=\"font-size:14px\">Zwierz\u0119ta od zawsze by\u0142y moj\u0105 pasj\u0105 i towarzyszy\u0142y mi w \u017cyciu. Ponad wszystko inne stawiam na miejscu ich dobro. Widz\u0105c miejsca, gdzie kr\u00f3liki s\u0105 traktowane przedmiotowo i poniewierane, postanowi\u0142am stworzy\u0107 hodowl\u0119 przyjazn\u0105 zwierz\u0119tom, hodowl\u0119 gdzie b\u0119d\u0105 kochane i szanowane a potencjalni w\u0142a\u015bciciele dostan\u0105 wszelkie informacje i wsparcie, aby podj\u0105\u0107 w pe\u0142ni \u015bwiadom\u0105 decyzj\u0119 o przyj\u0119ciu nowego cz\u0142onka rodziny.<\/p>\n\n\n\n<p style=\"font-size:14px\">Tak powsta\u0142o Happy Teddy.<\/p>\n<\/div><\/div>\n\n\n\n<p>Nasze kr\u00f3liki s\u0105 wyj\u0105tkowe. Ka\u017cdy ma swoje imi\u0119, sw\u00f3j indywidualny charakter, swoje potrzeby.<\/p>\n\n\n\n<p>Przez lata wypracowali\u015bmy w\u0142asne odchowy samiczek. Oznacza to, \u017ce dziewczyny, ich matki, babki, prababki urodzi\u0142y si\u0119 u nas. Dzi\u0119ki temu wiemy, jakie geny mamy. Potrafimy w du\u017cej mierze oceni\u0107 wielko\u015b\u0107 i budow\u0119 docelow\u0105 malucha oraz jego charakter. Dzi\u0119ki w\u0142asnym pokoleniom mamy te\u017c wi\u0119ksz\u0105 pewno\u015b\u0107 je\u015bli chodzi o zdrowie naszych kr\u00f3liczych dzieci.<\/p>\n\n\n\n<p>Samczyki co kilka lat sprowadzamy z najlepszych zagranicznych hodowli, aby od\u015bwie\u017cy\u0107 geny.<\/p>\n\n\n\n<p>Dla wszystkich naszych doros\u0142ych kr\u00f3lik\u00f3w po programie hodowlanym szukamy dobrych i sprawdzonych domk\u00f3w adopcyjnych . Takie kr\u00f3liczki przedstawiamy w zak\u0142adce \u201d K\u0105cik adopcyjny\u201d<\/p>\n\n\n\n<div class=\"wp-block-columns is-layout-flex wp-container-core-columns-is-layout-9d6595d7 wp-block-columns-is-layout-flex\">\n<div class=\"wp-block-column is-layout-flow wp-block-column-is-layout-flow\">\n<figure class=\"wp-block-gallery has-nested-images columns-default is-cropped wp-block-gallery-1 is-layout-flex wp-block-gallery-is-layout-flex\">\n<figure class=\"wp-block-image size-large\"><img loading=\"lazy\" decoding=\"async\" width=\"768\" height=\"1024\" data-id=\"974\" src=\"http:\/\/hodowlahappyteddy.pl\/wp-content\/uploads\/2023\/02\/322484964_736768664203393_7632733645418792909_n-5-768x1024.jpg\" alt=\"\" class=\"wp-image-974\" srcset=\"https:\/\/hodowlahappyteddy.pl\/wp-content\/uploads\/2023\/02\/322484964_736768664203393_7632733645418792909_n-5-768x1024.jpg 768w, https:\/\/hodowlahappyteddy.pl\/wp-content\/uploads\/2023\/02\/322484964_736768664203393_7632733645418792909_n-5-225x300.jpg 225w, https:\/\/hodowlahappyteddy.pl\/wp-content\/uploads\/2023\/02\/322484964_736768664203393_7632733645418792909_n-5-1152x1536.jpg 1152w, https:\/\/hodowlahappyteddy.pl\/wp-content\/uploads\/2023\/02\/322484964_736768664203393_7632733645418792909_n-5-1105x1473.jpg 1105w, https:\/\/hodowlahappyteddy.pl\/wp-content\/uploads\/2023\/02\/322484964_736768664203393_7632733645418792909_n-5.jpg 1368w\" sizes=\"auto, (max-width: 768px) 100vw, 768px\" \/><\/figure>\n<\/figure>\n<\/div>\n\n\n\n<div class=\"wp-block-column is-layout-flow wp-block-column-is-layout-flow\">\n<figure class=\"wp-block-image size-full\"><img loading=\"lazy\" decoding=\"async\" width=\"718\" height=\"673\" src=\"http:\/\/hodowlahappyteddy.pl\/wp-content\/uploads\/2023\/02\/324919987_3312064525714568_3003171666205676330_n.jpg\" alt=\"\" class=\"wp-image-970\" srcset=\"https:\/\/hodowlahappyteddy.pl\/wp-content\/uploads\/2023\/02\/324919987_3312064525714568_3003171666205676330_n.jpg 718w, https:\/\/hodowlahappyteddy.pl\/wp-content\/uploads\/2023\/02\/324919987_3312064525714568_3003171666205676330_n-300x281.jpg 300w\" sizes=\"auto, (max-width: 718px) 100vw, 718px\" \/><\/figure>\n<\/div>\n\n\n\n<div class=\"wp-block-column is-layout-flow wp-block-column-is-layout-flow\">\n<figure class=\"wp-block-image size-large\"><img loading=\"lazy\" decoding=\"async\" width=\"1024\" height=\"1002\" src=\"http:\/\/hodowlahappyteddy.pl\/wp-content\/uploads\/2023\/02\/322584591_825215748573374_5252749400272626030_n-1024x1002.jpg\" alt=\"\" class=\"wp-image-972\" srcset=\"https:\/\/hodowlahappyteddy.pl\/wp-content\/uploads\/2023\/02\/322584591_825215748573374_5252749400272626030_n-1024x1002.jpg 1024w, https:\/\/hodowlahappyteddy.pl\/wp-content\/uploads\/2023\/02\/322584591_825215748573374_5252749400272626030_n-300x293.jpg 300w, https:\/\/hodowlahappyteddy.pl\/wp-content\/uploads\/2023\/02\/322584591_825215748573374_5252749400272626030_n-768x751.jpg 768w, https:\/\/hodowlahappyteddy.pl\/wp-content\/uploads\/2023\/02\/322584591_825215748573374_5252749400272626030_n-1105x1081.jpg 1105w, https:\/\/hodowlahappyteddy.pl\/wp-content\/uploads\/2023\/02\/322584591_825215748573374_5252749400272626030_n.jpg 1508w\" sizes=\"auto, (max-width: 1024px) 100vw, 1024px\" \/><\/figure>\n<\/div>\n<\/div>\n","protected":false},"excerpt":{"rendered":"<p>Mam na imi\u0119 Eliza. Hodowl\u0105 kr\u00f3lik\u00f3w miniaturowych zajmuj\u0119 si\u0119 od 2014 roku, natomiast stadko Karze\u0142k\u00f3w Teddy i oraz Mini Lop pod nazw\u0105 Happy Teddy prowadz\u0119 od 2017 roku. Moja hodowla zarejestrowana jest w Krajowym Zwi\u0105zku Hodowc\u00f3w Kr\u00f3lik\u00f3w pod nr 806-P. Mo\u017cna te\u017c nas znale\u017a\u0107 w bazie danych firm CEIDG. Wychodz\u0105c na przeciw moim super wspania\u0142ym domkom, w 2021 roku zacz\u0105\u0142 te\u017c dzia\u0142a\u0107 sklep dla kr\u00f3liczk\u00f3w. Zwierz\u0119ta od zawsze by\u0142y moj\u0105 pasj\u0105 i towarzyszy\u0142y mi w \u017cyciu. Ponad wszystko inne stawiam na miejscu ich dobro. Widz\u0105c miejsca, gdzie kr\u00f3liki s\u0105 traktowane przedmiotowo i poniewierane, postanowi\u0142am stworzy\u0107 hodowl\u0119 przyjazn\u0105 zwierz\u0119tom, hodowl\u0119&hellip;<\/p>\n","protected":false},"author":1,"featured_media":0,"parent":0,"menu_order":0,"comment_status":"closed","ping_status":"closed","template":"","meta":{"_themeisle_gutenberg_block_has_review":false,"footnotes":""},"class_list":["post-6","page","type-page","status-publish","hentry"],"jetpack-related-posts":[{"id":1014,"url":"https:\/\/hodowlahappyteddy.pl\/index.php\/samiczki-teddy\/","url_meta":{"origin":6,"position":0},"title":"KARZE\u0141EK TEDDY","date":"02\/15\/2023","format":false,"excerpt":"BEZA w\u0142asny odch\u00f3w 2 pokolenie Happy Teddy RASTA w\u0142asny odch\u00f3w 2 pokolenie Happy Teddy GAMBIA w\u0142asny odch\u00f3w 2 pokolenie Happy Teddy BLUE ROSE w\u0142asny odch\u00f3w 3 pokolenie Happy Teddy FAMA w\u0142asny odch\u00f3w 3 pokolenie Happy Teddy BARBIE w\u0142asny odch\u00f3w 1 pokolenie Happy Teddy KIRA w\u0142asny odch\u00f3w 3 pokolenie Happy Teddy","rel":"","context":"Similar post","img":{"alt_text":"","src":"https:\/\/i0.wp.com\/hodowlahappyteddy.pl\/wp-content\/uploads\/2023\/03\/276167586_1091811988046753_456066531037165948_n-6.jpg?resize=350%2C200&ssl=1","width":350,"height":200},"classes":[]},{"id":1012,"url":"https:\/\/hodowlahappyteddy.pl\/index.php\/samiczki-mini-lop\/","url_meta":{"origin":6,"position":1},"title":"SAMICZKI MINI LOP","date":"02\/15\/2023","format":false,"excerpt":"WSZYSTKIE NASZE SAMICZKI URODZI\u0141Y SI\u0118 JU\u017b U NAS. ICH MAMY, BABCIE A NAWET PRA I PRAPRABABCIE MIESZKA\u0141Y W NASZEJ HODOWLI. DZI\u0118KI W\u0141ASNYM ODCHOWOM POTRAFIMY W DUZYM STOPNIU OCENI\u0106 CHARAKTER, BUDOW\u0118 ORAZ ZDROWIE PRZYSZ\u0141YCH POKOLE\u0143. DZIEWCZYNKI PO PROGRAMIE HODOWLANYM TRAFIAJA DO NAJLEPSZYCH DOM\u00d3W ADOPCYJNYCH. MAYA- w\u0142asny odch\u00f3w 1 pokolenie Happy Teddy\u2026","rel":"","context":"Similar post","img":{"alt_text":"","src":"https:\/\/i0.wp.com\/hodowlahappyteddy.pl\/wp-content\/uploads\/2023\/03\/329429214_715020793538255_6378720616262165905_n-5.jpg?resize=350%2C200&ssl=1","width":350,"height":200},"classes":[]},{"id":1018,"url":"https:\/\/hodowlahappyteddy.pl\/index.php\/samczyki-teddy\/","url_meta":{"origin":6,"position":2},"title":"KARZE\u0141EK TEDDY","date":"02\/15\/2023","format":false,"excerpt":"LARS - hodowla Yarmidasplace \/ Holandia Ringo Star ( Jorge) NDJ Teddyplace \/ Holandia","rel":"","context":"Similar post","img":{"alt_text":"","src":"https:\/\/i0.wp.com\/hodowlahappyteddy.pl\/wp-content\/uploads\/2023\/03\/335427619_736860201228856_8545298406381614808_n.jpg?resize=350%2C200&ssl=1","width":350,"height":200},"classes":[]},{"id":17,"url":"https:\/\/hodowlahappyteddy.pl\/index.php\/kontakt\/","url_meta":{"origin":6,"position":3},"title":"KONTAKT","date":"07\/10\/2022","format":false,"excerpt":"Dzi\u0119kujemy za odwiedzenie naszej strony. Je\u017celi chcesz zada\u0107 pytanie lub nawi\u0105za\u0107 wsp\u00f3\u0142prac\u0119, skontaktuj si\u0119 z nami: Happy Teddy - Hodowla kr\u00f3lik\u00f3w Karze\u0142ek Teddy i Mini Lop tel. 602-325-932 happy.teddy@onet.pl https:\/\/www.facebook.com\/hodowla.happyteddy","rel":"","context":"Similar post","img":{"alt_text":"","src":"https:\/\/i0.wp.com\/hodowlahappyteddy.pl\/wp-content\/uploads\/2023\/01\/325045818_709154690917005_5344151260007104453_n.png?resize=350%2C200&ssl=1","width":350,"height":200},"classes":[]},{"id":224,"url":"https:\/\/hodowlahappyteddy.pl\/index.php\/kacik-adopcyjny\/","url_meta":{"origin":6,"position":4},"title":"K\u0104CIK ADOPCYJNY","date":"07\/17\/2022","format":false,"excerpt":"W k\u0105ciku co jaki\u015b czas b\u0119d\u0105 si\u0119 pojawia\u0107 doros\u0142e kr\u00f3liczki do adopcji, poniewa\u017c wszystkim naszym podopiecznym po programie hodowlanym szukamy najlepszych dom\u00f3w, aby szcz\u0119\u015bliwie mog\u0142y sp\u0119dzi\u0107 swoje kr\u00f3licze \u017cycie :) DO ADOPCJI KAWA - Samiczka Karze\u0142ek Teddy samiczka 3 lata. SZUKAMY DOMKU. Ma\u0142a opu\u015bci hodowl\u0119 po zabiegu kastracji, b\u0119dzie zachipowana,\u2026","rel":"","context":"Similar post","img":{"alt_text":"","src":"https:\/\/i0.wp.com\/hodowlahappyteddy.pl\/wp-content\/uploads\/2023\/02\/331434501_875866360349854_7357155869866551538_n-1.jpg?resize=350%2C200&ssl=1","width":350,"height":200},"classes":[]},{"id":1016,"url":"https:\/\/hodowlahappyteddy.pl\/index.php\/samczyki-mini-lop\/","url_meta":{"origin":6,"position":5},"title":"MINI LOP","date":"02\/15\/2023","format":false,"excerpt":"PONI\u017bEJ NASZE OBECNE SAMCZYKI. CH\u0141OPC\u00d3W SPROWADZAMY CO KILKA LAT DLA WYMIANY GEN\u00d3W A STARSZYM PO PROGRAMIE HODOWLANYM SZUKAMY NAJLEPSZYCH DOM\u00d3W ADOPCYJNYCH. YOKER Mini Lop - hodowla Zwergwidder Von der Aller \/ Niemcy FORREST GUMP Mini Lop - hodowla Samteddys \/ Francja ANGUS YOUNG Mini Lop - hodowla Zwierzogr\u00f3d \/ Polska\u2026","rel":"","context":"Similar post","img":{"alt_text":"","src":"https:\/\/i0.wp.com\/hodowlahappyteddy.pl\/wp-content\/uploads\/2023\/03\/331225144_904871920779891_5864052023284323190_n.jpg?resize=350%2C200&ssl=1","width":350,"height":200},"classes":[]}],"_links":{"self":[{"href":"https:\/\/hodowlahappyteddy.pl\/index.php\/wp-json\/wp\/v2\/pages\/6","targetHints":{"allow":["GET"]}}],"collection":[{"href":"https:\/\/hodowlahappyteddy.pl\/index.php\/wp-json\/wp\/v2\/pages"}],"about":[{"href":"https:\/\/hodowlahappyteddy.pl\/index.php\/wp-json\/wp\/v2\/types\/page"}],"author":[{"embeddable":true,"href":"https:\/\/hodowlahappyteddy.pl\/index.php\/wp-json\/wp\/v2\/users\/1"}],"replies":[{"embeddable":true,"href":"https:\/\/hodowlahappyteddy.pl\/index.php\/wp-json\/wp\/v2\/comments?post=6"}],"version-history":[{"count":34,"href":"https:\/\/hodowlahappyteddy.pl\/index.php\/wp-json\/wp\/v2\/pages\/6\/revisions"}],"predecessor-version":[{"id":1002,"href":"https:\/\/hodowlahappyteddy.pl\/index.php\/wp-json\/wp\/v2\/pages\/6\/revisions\/1002"}],"wp:attachment":[{"href":"https:\/\/hodowlahappyteddy.pl\/index.php\/wp-json\/wp\/v2\/media?parent=6"}],"curies":[{"name":"wp","href":"https:\/\/api.w.org\/{rel}","templated":true}]}}