{"id":224,"date":"2022-07-17T18:16:53","date_gmt":"2022-07-17T18:16:53","guid":{"rendered":"http:\/\/hodowlahappyteddy.pl\/?page_id=224"},"modified":"2023-02-15T18:42:43","modified_gmt":"2023-02-15T18:42:43","slug":"kacik-adopcyjny","status":"publish","type":"page","link":"https:\/\/hodowlahappyteddy.pl\/index.php\/kacik-adopcyjny\/","title":{"rendered":"K\u0104CIK ADOPCYJNY"},"content":{"rendered":"\n<p>W k\u0105ciku co jaki\u015b czas b\u0119d\u0105 si\u0119 pojawia\u0107 doros\u0142e kr\u00f3liczki do adopcji, poniewa\u017c wszystkim naszym podopiecznym po programie hodowlanym szukamy najlepszych dom\u00f3w, aby szcz\u0119\u015bliwie mog\u0142y sp\u0119dzi\u0107 swoje kr\u00f3licze \u017cycie \ud83d\ude42<\/p>\n\n\n\n<div class=\"wp-block-group is-vertical is-layout-flex wp-container-core-group-is-layout-8cf370e7 wp-block-group-is-layout-flex\">\n<figure class=\"wp-block-gallery alignleft has-nested-images columns-default is-cropped wp-block-gallery-1 is-layout-flex wp-block-gallery-is-layout-flex\"><\/figure>\n\n\n\n<div class=\"wp-block-cover is-light\"><span aria-hidden=\"true\" class=\"wp-block-cover__background has-light-green-cyan-background-color has-background-dim-100 has-background-dim\"><\/span><div class=\"wp-block-cover__inner-container is-layout-flow wp-block-cover-is-layout-flow\">\n<p class=\"has-text-align-center has-large-font-size\">DO ADOPCJI<\/p>\n\n\n\n<div class=\"wp-block-media-text alignwide is-stacked-on-mobile\"><figure class=\"wp-block-media-text__media\"><img loading=\"lazy\" decoding=\"async\" width=\"1024\" height=\"576\" src=\"http:\/\/hodowlahappyteddy.pl\/wp-content\/uploads\/2023\/02\/331434501_875866360349854_7357155869866551538_n-1-1024x576.jpg\" alt=\"\" class=\"wp-image-999 size-full\" srcset=\"https:\/\/hodowlahappyteddy.pl\/wp-content\/uploads\/2023\/02\/331434501_875866360349854_7357155869866551538_n-1-1024x576.jpg 1024w, https:\/\/hodowlahappyteddy.pl\/wp-content\/uploads\/2023\/02\/331434501_875866360349854_7357155869866551538_n-1-300x169.jpg 300w, https:\/\/hodowlahappyteddy.pl\/wp-content\/uploads\/2023\/02\/331434501_875866360349854_7357155869866551538_n-1-768x432.jpg 768w, https:\/\/hodowlahappyteddy.pl\/wp-content\/uploads\/2023\/02\/331434501_875866360349854_7357155869866551538_n-1-1536x865.jpg 1536w, https:\/\/hodowlahappyteddy.pl\/wp-content\/uploads\/2023\/02\/331434501_875866360349854_7357155869866551538_n-1-2048x1153.jpg 2048w, https:\/\/hodowlahappyteddy.pl\/wp-content\/uploads\/2023\/02\/331434501_875866360349854_7357155869866551538_n-1-1105x622.jpg 1105w\" sizes=\"auto, (max-width: 1024px) 100vw, 1024px\" \/><\/figure><div class=\"wp-block-media-text__content\">\n<p>KAWA &#8211; Samiczka Karze\u0142ek Teddy samiczka 3 lata. SZUKAMY DOMKU. Ma\u0142a opu\u015bci hodowl\u0119 po zabiegu kastracji, b\u0119dzie zachipowana, zarejestrowana w bazie CBDZOE na w\u0142a\u015bciciela, b\u0119dzie zaszczepiona, dostanie ksi\u0105\u017ceczk\u0119 zdrowia z aktualnym przegl\u0105dem weterynaryjnym oraz wyprawk\u0119. Zapraszam do kontaktu.<\/p>\n<\/div><\/div>\n<\/div><\/div>\n\n\n\n<div class=\"wp-block-cover is-light\"><span aria-hidden=\"true\" class=\"wp-block-cover__background has-pale-cyan-blue-background-color has-background-dim-100 has-background-dim\"><\/span><div class=\"wp-block-cover__inner-container is-layout-flow wp-block-cover-is-layout-flow\">\n<p class=\"has-text-align-center has-large-font-size\">DO ADOPCJI<\/p>\n\n\n\n<div class=\"wp-block-media-text alignwide is-stacked-on-mobile\"><figure class=\"wp-block-media-text__media\"><img loading=\"lazy\" decoding=\"async\" width=\"714\" height=\"598\" src=\"http:\/\/hodowlahappyteddy.pl\/wp-content\/uploads\/2023\/01\/327158843_705598527690724_4277311969402411402_n.jpg\" alt=\"\" class=\"wp-image-945 size-full\" srcset=\"https:\/\/hodowlahappyteddy.pl\/wp-content\/uploads\/2023\/01\/327158843_705598527690724_4277311969402411402_n.jpg 714w, https:\/\/hodowlahappyteddy.pl\/wp-content\/uploads\/2023\/01\/327158843_705598527690724_4277311969402411402_n-300x251.jpg 300w\" sizes=\"auto, (max-width: 714px) 100vw, 714px\" \/><\/figure><div class=\"wp-block-media-text__content\">\n<p>INDICA- Samiczka Karze\u0142ek Teddy samiczka 3 lata. SZUKAMY DOMKU. Indica opu\u015bci hodowl\u0119 po zabiegu kastracji, b\u0119dzie zachipowana, zarejestrowana w bazie CBDZOE na w\u0142a\u015bciciela, b\u0119dzie zaszczepiona, dostanie ksi\u0105\u017ceczk\u0119 zdrowia z aktualnym przegl\u0105dem weterynaryjnym oraz wyprawk\u0119. Zapraszam do kontaktu.<\/p>\n<\/div><\/div>\n<\/div><\/div>\n\n\n\n<p><\/p>\n<\/div>\n\n\n\n<ul class=\"wp-block-list\">\n<li><\/li>\n<\/ul>\n","protected":false},"excerpt":{"rendered":"<p>W k\u0105ciku co jaki\u015b czas b\u0119d\u0105 si\u0119 pojawia\u0107 doros\u0142e kr\u00f3liczki do adopcji, poniewa\u017c wszystkim naszym podopiecznym po programie hodowlanym szukamy najlepszych dom\u00f3w, aby szcz\u0119\u015bliwie mog\u0142y sp\u0119dzi\u0107 swoje kr\u00f3licze \u017cycie \ud83d\ude42<\/p>\n","protected":false},"author":1,"featured_media":0,"parent":0,"menu_order":0,"comment_status":"closed","ping_status":"closed","template":"","meta":{"_themeisle_gutenberg_block_has_review":false,"footnotes":""},"class_list":["post-224","page","type-page","status-publish","hentry"],"jetpack-related-posts":[{"id":1012,"url":"https:\/\/hodowlahappyteddy.pl\/index.php\/samiczki-mini-lop\/","url_meta":{"origin":224,"position":0},"title":"SAMICZKI MINI LOP","date":"02\/15\/2023","format":false,"excerpt":"WSZYSTKIE NASZE SAMICZKI URODZI\u0141Y SI\u0118 JU\u017b U NAS. ICH MAMY, BABCIE A NAWET PRA I PRAPRABABCIE MIESZKA\u0141Y W NASZEJ HODOWLI. DZI\u0118KI W\u0141ASNYM ODCHOWOM POTRAFIMY W DUZYM STOPNIU OCENI\u0106 CHARAKTER, BUDOW\u0118 ORAZ ZDROWIE PRZYSZ\u0141YCH POKOLE\u0143. DZIEWCZYNKI PO PROGRAMIE HODOWLANYM TRAFIAJA DO NAJLEPSZYCH DOM\u00d3W ADOPCYJNYCH. MAYA- w\u0142asny odch\u00f3w 1 pokolenie Happy Teddy\u2026","rel":"","context":"Similar post","img":{"alt_text":"","src":"https:\/\/i0.wp.com\/hodowlahappyteddy.pl\/wp-content\/uploads\/2023\/03\/329429214_715020793538255_6378720616262165905_n-5.jpg?resize=350%2C200&ssl=1","width":350,"height":200},"classes":[]},{"id":111,"url":"https:\/\/hodowlahappyteddy.pl\/index.php\/instrukcja-obslugi-kroliczka\/","url_meta":{"origin":224,"position":1},"title":"INSTRUKCJA OBS\u0141UGI KR\u00d3LICZKA","date":"07\/16\/2022","format":false,"excerpt":"1) NAJPIERW KR\u00d3TKA CHARAKTERYSTYKA TEGO S\u0141ODKIEGO ZWIERZA ;) No w\u0142a\u015bnie, czy kr\u00f3lik jest s\u0142odki czy tylko jest tak postrzegany ? Owszem, potrafi by\u0107 przytula\u015bny i kochany, ale ma te\u017c sw\u00f3j charakter i potrafi pokaza\u0107 r\u00f3\u017cki . Osoby, kt\u00f3re nie mia\u0142y nigdy do czynienia z tym zwierz\u0105tkiem, cz\u0119sto nie zdaja sobie\u2026","rel":"","context":"Similar post","img":{"alt_text":"","src":"","width":0,"height":0},"classes":[]}],"_links":{"self":[{"href":"https:\/\/hodowlahappyteddy.pl\/index.php\/wp-json\/wp\/v2\/pages\/224","targetHints":{"allow":["GET"]}}],"collection":[{"href":"https:\/\/hodowlahappyteddy.pl\/index.php\/wp-json\/wp\/v2\/pages"}],"about":[{"href":"https:\/\/hodowlahappyteddy.pl\/index.php\/wp-json\/wp\/v2\/types\/page"}],"author":[{"embeddable":true,"href":"https:\/\/hodowlahappyteddy.pl\/index.php\/wp-json\/wp\/v2\/users\/1"}],"replies":[{"embeddable":true,"href":"https:\/\/hodowlahappyteddy.pl\/index.php\/wp-json\/wp\/v2\/comments?post=224"}],"version-history":[{"count":7,"href":"https:\/\/hodowlahappyteddy.pl\/index.php\/wp-json\/wp\/v2\/pages\/224\/revisions"}],"predecessor-version":[{"id":1001,"href":"https:\/\/hodowlahappyteddy.pl\/index.php\/wp-json\/wp\/v2\/pages\/224\/revisions\/1001"}],"wp:attachment":[{"href":"https:\/\/hodowlahappyteddy.pl\/index.php\/wp-json\/wp\/v2\/media?parent=224"}],"curies":[{"name":"wp","href":"https:\/\/api.w.org\/{rel}","templated":true}]}}