{"id":122,"date":"2022-07-16T16:23:56","date_gmt":"2022-07-16T16:23:56","guid":{"rendered":"http:\/\/hodowlahappyteddy.pl\/?page_id=122"},"modified":"2023-02-19T20:35:08","modified_gmt":"2023-02-19T20:35:08","slug":"sklep-dla-krolika","status":"publish","type":"page","link":"https:\/\/hodowlahappyteddy.pl\/index.php\/sklep-dla-krolika\/","title":{"rendered":"SKLEP DLA KR\u00d3LIKA"},"content":{"rendered":"\n<p class=\"has-text-align-center\">Naszym kr\u00f3liczkom chcemy da\u0107 to co najlepsze, a to co najlepsze znajdziesz w naszym internetowym <a rel=\"noreferrer noopener\" href=\"https:\/\/happyteddysklep.pl\/\" target=\"_blank\">SKLEPIE DLA KR\u00d3LIKA<\/a>. <\/p>\n\n\n<div class=\"wp-block-image\">\n<figure class=\"aligncenter size-full\"><a href=\"https:\/\/happyteddysklep.pl\/\"><img loading=\"lazy\" decoding=\"async\" width=\"475\" height=\"79\" src=\"http:\/\/hodowlahappyteddy.pl\/wp-content\/uploads\/2022\/07\/logo.jpg\" alt=\"\" class=\"wp-image-211\" srcset=\"https:\/\/hodowlahappyteddy.pl\/wp-content\/uploads\/2022\/07\/logo.jpg 475w, https:\/\/hodowlahappyteddy.pl\/wp-content\/uploads\/2022\/07\/logo-300x50.jpg 300w\" sizes=\"auto, (max-width: 475px) 100vw, 475px\" \/><\/a><\/figure>\n<\/div>","protected":false},"excerpt":{"rendered":"<p>Naszym kr\u00f3liczkom chcemy da\u0107 to co najlepsze, a to co najlepsze znajdziesz w naszym internetowym SKLEPIE DLA KR\u00d3LIKA.<\/p>\n","protected":false},"author":1,"featured_media":0,"parent":0,"menu_order":0,"comment_status":"closed","ping_status":"closed","template":"","meta":{"_themeisle_gutenberg_block_has_review":false,"footnotes":""},"class_list":["post-122","page","type-page","status-publish","hentry"],"jetpack-related-posts":[{"id":111,"url":"https:\/\/hodowlahappyteddy.pl\/index.php\/instrukcja-obslugi-kroliczka\/","url_meta":{"origin":122,"position":0},"title":"INSTRUKCJA OBS\u0141UGI KR\u00d3LICZKA","date":"07\/16\/2022","format":false,"excerpt":"1) NAJPIERW KR\u00d3TKA CHARAKTERYSTYKA TEGO S\u0141ODKIEGO ZWIERZA ;) No w\u0142a\u015bnie, czy kr\u00f3lik jest s\u0142odki czy tylko jest tak postrzegany ? Owszem, potrafi by\u0107 przytula\u015bny i kochany, ale ma te\u017c sw\u00f3j charakter i potrafi pokaza\u0107 r\u00f3\u017cki . Osoby, kt\u00f3re nie mia\u0142y nigdy do czynienia z tym zwierz\u0105tkiem, cz\u0119sto nie zdaja sobie\u2026","rel":"","context":"Similar post","img":{"alt_text":"","src":"","width":0,"height":0},"classes":[]},{"id":6,"url":"https:\/\/hodowlahappyteddy.pl\/index.php\/o-happy-teddy\/","url_meta":{"origin":122,"position":1},"title":"O NAS","date":"07\/10\/2022","format":false,"excerpt":"Mam na imi\u0119 Eliza. Hodowl\u0105 kr\u00f3lik\u00f3w miniaturowych zajmuj\u0119 si\u0119 od 2014 roku, natomiast stadko Karze\u0142k\u00f3w Teddy i oraz Mini Lop pod nazw\u0105 Happy Teddy prowadz\u0119 od 2017 roku. Moja hodowla zarejestrowana jest w Krajowym Zwi\u0105zku Hodowc\u00f3w Kr\u00f3lik\u00f3w pod nr 806-P. Mo\u017cna te\u017c nas znale\u017a\u0107 w bazie danych firm CEIDG. Wychodz\u0105c\u2026","rel":"","context":"Similar post","img":{"alt_text":"","src":"https:\/\/i0.wp.com\/hodowlahappyteddy.pl\/wp-content\/uploads\/2023\/02\/322484964_736768664203393_7632733645418792909_n-5.jpg?resize=350%2C200&ssl=1","width":350,"height":200},"classes":[]},{"id":224,"url":"https:\/\/hodowlahappyteddy.pl\/index.php\/kacik-adopcyjny\/","url_meta":{"origin":122,"position":2},"title":"K\u0104CIK ADOPCYJNY","date":"07\/17\/2022","format":false,"excerpt":"W k\u0105ciku co jaki\u015b czas b\u0119d\u0105 si\u0119 pojawia\u0107 doros\u0142e kr\u00f3liczki do adopcji, poniewa\u017c wszystkim naszym podopiecznym po programie hodowlanym szukamy najlepszych dom\u00f3w, aby szcz\u0119\u015bliwie mog\u0142y sp\u0119dzi\u0107 swoje kr\u00f3licze \u017cycie :) DO ADOPCJI KAWA - Samiczka Karze\u0142ek Teddy samiczka 3 lata. SZUKAMY DOMKU. Ma\u0142a opu\u015bci hodowl\u0119 po zabiegu kastracji, b\u0119dzie zachipowana,\u2026","rel":"","context":"Similar post","img":{"alt_text":"","src":"https:\/\/i0.wp.com\/hodowlahappyteddy.pl\/wp-content\/uploads\/2023\/02\/331434501_875866360349854_7357155869866551538_n-1.jpg?resize=350%2C200&ssl=1","width":350,"height":200},"classes":[]},{"id":128,"url":"https:\/\/hodowlahappyteddy.pl\/index.php\/nasze-kroliczki\/","url_meta":{"origin":122,"position":3},"title":"NASZE KR\u00d3LICZKI","date":"07\/16\/2022","format":false,"excerpt":"Nasze kr\u00f3liki s\u0105 wyj\u0105tkowe. Ka\u017cdy ma swoje imi\u0119, sw\u00f3j indywidualny charakter, swoje potrzeby. Przez lata wypracowali\u015bmy w\u0142asne odchowy samiczek. Oznacza to, \u017ce dziewczyny, ich matki, babki, prababki urodzi\u0142y si\u0119 u nas. Dzi\u0119ki temu wiemy, jakie geny mamy. Potrafimy w du\u017cej mierze oceni\u0107 wielko\u015b\u0107 i budow\u0119 docelow\u0105 malucha oraz jego charakter.\u2026","rel":"","context":"Similar post","img":{"alt_text":"","src":"https:\/\/i0.wp.com\/hodowlahappyteddy.pl\/wp-content\/uploads\/2023\/02\/322484964_736768664203393_7632733645418792909_n-5.jpg?resize=350%2C200&ssl=1","width":350,"height":200},"classes":[]},{"id":1016,"url":"https:\/\/hodowlahappyteddy.pl\/index.php\/samczyki-mini-lop\/","url_meta":{"origin":122,"position":4},"title":"MINI LOP","date":"02\/15\/2023","format":false,"excerpt":"PONI\u017bEJ NASZE OBECNE SAMCZYKI. CH\u0141OPC\u00d3W SPROWADZAMY CO KILKA LAT DLA WYMIANY GEN\u00d3W A STARSZYM PO PROGRAMIE HODOWLANYM SZUKAMY NAJLEPSZYCH DOM\u00d3W ADOPCYJNYCH. YOKER Mini Lop - hodowla Zwergwidder Von der Aller \/ Niemcy FORREST GUMP Mini Lop - hodowla Samteddys \/ Francja ANGUS YOUNG Mini Lop - hodowla Zwierzogr\u00f3d \/ Polska\u2026","rel":"","context":"Similar post","img":{"alt_text":"","src":"https:\/\/i0.wp.com\/hodowlahappyteddy.pl\/wp-content\/uploads\/2023\/03\/331225144_904871920779891_5864052023284323190_n.jpg?resize=350%2C200&ssl=1","width":350,"height":200},"classes":[]},{"id":1012,"url":"https:\/\/hodowlahappyteddy.pl\/index.php\/samiczki-mini-lop\/","url_meta":{"origin":122,"position":5},"title":"SAMICZKI MINI LOP","date":"02\/15\/2023","format":false,"excerpt":"WSZYSTKIE NASZE SAMICZKI URODZI\u0141Y SI\u0118 JU\u017b U NAS. ICH MAMY, BABCIE A NAWET PRA I PRAPRABABCIE MIESZKA\u0141Y W NASZEJ HODOWLI. DZI\u0118KI W\u0141ASNYM ODCHOWOM POTRAFIMY W DUZYM STOPNIU OCENI\u0106 CHARAKTER, BUDOW\u0118 ORAZ ZDROWIE PRZYSZ\u0141YCH POKOLE\u0143. DZIEWCZYNKI PO PROGRAMIE HODOWLANYM TRAFIAJA DO NAJLEPSZYCH DOM\u00d3W ADOPCYJNYCH. MAYA- w\u0142asny odch\u00f3w 1 pokolenie Happy Teddy\u2026","rel":"","context":"Similar post","img":{"alt_text":"","src":"https:\/\/i0.wp.com\/hodowlahappyteddy.pl\/wp-content\/uploads\/2023\/03\/329429214_715020793538255_6378720616262165905_n-5.jpg?resize=350%2C200&ssl=1","width":350,"height":200},"classes":[]}],"_links":{"self":[{"href":"https:\/\/hodowlahappyteddy.pl\/index.php\/wp-json\/wp\/v2\/pages\/122","targetHints":{"allow":["GET"]}}],"collection":[{"href":"https:\/\/hodowlahappyteddy.pl\/index.php\/wp-json\/wp\/v2\/pages"}],"about":[{"href":"https:\/\/hodowlahappyteddy.pl\/index.php\/wp-json\/wp\/v2\/types\/page"}],"author":[{"embeddable":true,"href":"https:\/\/hodowlahappyteddy.pl\/index.php\/wp-json\/wp\/v2\/users\/1"}],"replies":[{"embeddable":true,"href":"https:\/\/hodowlahappyteddy.pl\/index.php\/wp-json\/wp\/v2\/comments?post=122"}],"version-history":[{"count":8,"href":"https:\/\/hodowlahappyteddy.pl\/index.php\/wp-json\/wp\/v2\/pages\/122\/revisions"}],"predecessor-version":[{"id":1063,"href":"https:\/\/hodowlahappyteddy.pl\/index.php\/wp-json\/wp\/v2\/pages\/122\/revisions\/1063"}],"wp:attachment":[{"href":"https:\/\/hodowlahappyteddy.pl\/index.php\/wp-json\/wp\/v2\/media?parent=122"}],"curies":[{"name":"wp","href":"https:\/\/api.w.org\/{rel}","templated":true}]}}