{"id":111,"date":"2022-07-16T16:20:16","date_gmt":"2022-07-16T16:20:16","guid":{"rendered":"http:\/\/hodowlahappyteddy.pl\/?page_id=111"},"modified":"2023-03-27T16:32:22","modified_gmt":"2023-03-27T16:32:22","slug":"instrukcja-obslugi-kroliczka","status":"publish","type":"page","link":"https:\/\/hodowlahappyteddy.pl\/index.php\/instrukcja-obslugi-kroliczka\/","title":{"rendered":"INSTRUKCJA OBS\u0141UGI KR\u00d3LICZKA"},"content":{"rendered":"\n<p>1) NAJPIERW KR\u00d3TKA CHARAKTERYSTYKA TEGO S\u0141ODKIEGO ZWIERZA \ud83d\ude09 <\/p>\n\n\n\n<p>No w\u0142a\u015bnie, czy kr\u00f3lik jest s\u0142odki czy tylko jest tak postrzegany ? Owszem, potrafi by\u0107 przytula\u015bny i kochany, ale ma te\u017c sw\u00f3j charakter i potrafi pokaza\u0107 r\u00f3\u017cki . Osoby, kt\u00f3re nie mia\u0142y nigdy do czynienia z tym zwierz\u0105tkiem, cz\u0119sto nie zdaja sobie sprawy jak m\u0105dry potrafi by\u0107 kr\u00f3lik. Reaguje na imi\u0119, potrafi kojarzy\u0107 nasze s\u0142owa, poznaje w\u0142a\u015bciciela i obce osoby, potrafi okazywa\u0107 uczucia. Przywi\u0105zanie, t\u0119sknot\u0119, mi\u0142o\u015b\u0107, z\u0142o\u015b\u0107, niecierpliwo\u015b\u0107 a nawet zazdro\u015b\u0107. Kr\u00f3lik jest zwierz\u0119ciem pokroju pies\/kot. Inteligencj\u0105 dor\u00f3wnuje kiciusiom i cz\u0119\u015bciowo charakterem. Potrafi by\u0107 niezale\u017cny. Nic na si\u0142\u0119. \u017byjemy z kr\u00f3likiem na jego zasadach, ale od malucha jasno wyznaczamy granice. Uszak doskonale pojmuje co jest dozwolone a co zakazane, kto rz\u0105dzi w domu a komu mo\u017cna wej\u015b\u0107 na g\u0142ow\u0119 \ud83d\ude09 &#8211; metody, pomoc w wychowaniu oferuj\u0119 indywidualnie osobom, kt\u00f3re maja kr\u00f3liczki z mojej hodowli \ud83d\ude42 <\/p>\n\n\n\n<p>2) CZEGO MO\u017bEMY OCZEKIWA\u0106 I Z CZYM NALEZY SI\u0118 LICZY\u0106 PRZYJMUJ\u0104C MALUCHA POD SW\u00d3J DACH?<\/p>\n\n\n\n<ul class=\"wp-block-list\">\n<li>Kr\u00f3liczek wychodz\u0105c z hodowli jest nauczony siusiania do kuwety, z bobkami bywa r\u00f3\u017cnie. Ca\u0142kiem doros\u0142e kr\u00f3liki potrafi\u0105 zostawia\u0107 nawet wszystkie bobki w kuwecie a bardzo pomaga w tym zabieg kastracji, kt\u00f3ry zawsze zalecam. Nale\u017cy si\u0119 te\u017c liczy\u0107 z zapachem siana w domu. <\/li>\n\n\n\n<li>Aby kr\u00f3liczek by\u0142 dla nas \u017ar\u00f3d\u0142em rado\u015bci i przyjemno\u015bci, musimy mu stworzy\u0107 odpowiednie warunki, \u017ceby by\u0142 szcz\u0119\u015bliwy. Powinien jak najwi\u0119cej czasu przebywa\u0107 poza klatk\u0105 i uczestniczy\u0107 w \u017cyciu rodzinnym. Kr\u00f3liki to bardzo towarzyskie zwierz\u0105tka. Zamkni\u0119te w klatce i opuszczone potrafi\u0105 wpa\u015b\u0107 w z\u0142o\u015b\u0107 lub depresj\u0119 a tym samym zacz\u0105\u0107 dokucza\u0107.<\/li>\n<\/ul>\n\n\n\n<ul class=\"wp-block-list\">\n<li>Podstaw\u0105 zdrowia kr\u00f3lika jest odpowiednia dieta oraz profilaktyka. Na profilaktyk\u0119 sk\u0142adaj\u0105 si\u0119 wizyty kontrolne w lecznicy idealnie by by\u0142o co 6 mcy , w tym badanie ka\u0142u , sprawdzanie z\u0105bk\u00f3w oraz og\u00f3lny przegl\u0105d zwierz\u0119cia.<\/li>\n\n\n\n<li>ODPOWIEDNIA DIETA KR\u00d3LICZA TO : dobrej jako\u015bci siano, suszone zio\u0142a, \u015bwie\u017ce zio\u0142a, ga\u0142\u0105zki i patyczki, suszone oraz \u015bwie\u017ce warzywka i owoce, dobrej jako\u015bci granulat.  Siano powinno stanowi\u0107 70-80 % kr\u00f3liczej diety, na drugim miejscu s\u0105 ga\u0142\u0105zki, patyczki, korzonki zio\u0142a suszone oraz \u015bwie\u017ce. Suszone warzywa kilka razy w tygodniu.  \u015awie\u017cych warzyw dajemy niewielkie ilo\u015bci, tak samo jak granulatu. Natomiast suszone oraz \u015bwie\u017ce owoce traktujemy jako przysmak.<\/li>\n<\/ul>\n\n\n\n<ul class=\"wp-block-list\">\n<li><\/li>\n<\/ul>\n\n\n\n<p><\/p>\n\n\n\n<figure class=\"wp-block-gallery has-nested-images columns-default is-cropped wp-block-gallery-1 is-layout-flex wp-block-gallery-is-layout-flex\"><\/figure>\n\n\n\n<div class=\"wp-block-columns is-layout-flex wp-container-core-columns-is-layout-9d6595d7 wp-block-columns-is-layout-flex\">\n<div class=\"wp-block-column is-layout-flow wp-block-column-is-layout-flow\"><\/div>\n\n\n\n<div class=\"wp-block-column is-layout-flow wp-block-column-is-layout-flow\"><\/div>\n<\/div>\n\n\n\n<ul class=\"wp-block-list\">\n<li><\/li>\n<\/ul>\n","protected":false},"excerpt":{"rendered":"<p>1) NAJPIERW KR\u00d3TKA CHARAKTERYSTYKA TEGO S\u0141ODKIEGO ZWIERZA \ud83d\ude09 No w\u0142a\u015bnie, czy kr\u00f3lik jest s\u0142odki czy tylko jest tak postrzegany ? Owszem, potrafi by\u0107 przytula\u015bny i kochany, ale ma te\u017c sw\u00f3j charakter i potrafi pokaza\u0107 r\u00f3\u017cki . Osoby, kt\u00f3re nie mia\u0142y nigdy do czynienia z tym zwierz\u0105tkiem, cz\u0119sto nie zdaja sobie sprawy jak m\u0105dry potrafi by\u0107 kr\u00f3lik. Reaguje na imi\u0119, potrafi kojarzy\u0107 nasze s\u0142owa, poznaje w\u0142a\u015bciciela i obce osoby, potrafi okazywa\u0107 uczucia. Przywi\u0105zanie, t\u0119sknot\u0119, mi\u0142o\u015b\u0107, z\u0142o\u015b\u0107, niecierpliwo\u015b\u0107 a nawet zazdro\u015b\u0107. Kr\u00f3lik jest zwierz\u0119ciem pokroju pies\/kot. Inteligencj\u0105 dor\u00f3wnuje kiciusiom i cz\u0119\u015bciowo charakterem. Potrafi by\u0107 niezale\u017cny. Nic na si\u0142\u0119. \u017byjemy z kr\u00f3likiem&hellip;<\/p>\n","protected":false},"author":1,"featured_media":0,"parent":0,"menu_order":0,"comment_status":"closed","ping_status":"closed","template":"","meta":{"_themeisle_gutenberg_block_has_review":false,"footnotes":""},"class_list":["post-111","page","type-page","status-publish","hentry"],"jetpack-related-posts":[{"id":6,"url":"https:\/\/hodowlahappyteddy.pl\/index.php\/o-happy-teddy\/","url_meta":{"origin":111,"position":0},"title":"O NAS","date":"07\/10\/2022","format":false,"excerpt":"Mam na imi\u0119 Eliza. Hodowl\u0105 kr\u00f3lik\u00f3w miniaturowych zajmuj\u0119 si\u0119 od 2014 roku, natomiast stadko Karze\u0142k\u00f3w Teddy i oraz Mini Lop pod nazw\u0105 Happy Teddy prowadz\u0119 od 2017 roku. Moja hodowla zarejestrowana jest w Krajowym Zwi\u0105zku Hodowc\u00f3w Kr\u00f3lik\u00f3w pod nr 806-P. Mo\u017cna te\u017c nas znale\u017a\u0107 w bazie danych firm CEIDG. Wychodz\u0105c\u2026","rel":"","context":"Similar post","img":{"alt_text":"","src":"https:\/\/i0.wp.com\/hodowlahappyteddy.pl\/wp-content\/uploads\/2023\/02\/322484964_736768664203393_7632733645418792909_n-5.jpg?resize=350%2C200&ssl=1","width":350,"height":200},"classes":[]},{"id":224,"url":"https:\/\/hodowlahappyteddy.pl\/index.php\/kacik-adopcyjny\/","url_meta":{"origin":111,"position":1},"title":"K\u0104CIK ADOPCYJNY","date":"07\/17\/2022","format":false,"excerpt":"W k\u0105ciku co jaki\u015b czas b\u0119d\u0105 si\u0119 pojawia\u0107 doros\u0142e kr\u00f3liczki do adopcji, poniewa\u017c wszystkim naszym podopiecznym po programie hodowlanym szukamy najlepszych dom\u00f3w, aby szcz\u0119\u015bliwie mog\u0142y sp\u0119dzi\u0107 swoje kr\u00f3licze \u017cycie :) DO ADOPCJI KAWA - Samiczka Karze\u0142ek Teddy samiczka 3 lata. SZUKAMY DOMKU. Ma\u0142a opu\u015bci hodowl\u0119 po zabiegu kastracji, b\u0119dzie zachipowana,\u2026","rel":"","context":"Similar post","img":{"alt_text":"","src":"https:\/\/i0.wp.com\/hodowlahappyteddy.pl\/wp-content\/uploads\/2023\/02\/331434501_875866360349854_7357155869866551538_n-1.jpg?resize=350%2C200&ssl=1","width":350,"height":200},"classes":[]},{"id":128,"url":"https:\/\/hodowlahappyteddy.pl\/index.php\/nasze-kroliczki\/","url_meta":{"origin":111,"position":2},"title":"NASZE KR\u00d3LICZKI","date":"07\/16\/2022","format":false,"excerpt":"Nasze kr\u00f3liki s\u0105 wyj\u0105tkowe. Ka\u017cdy ma swoje imi\u0119, sw\u00f3j indywidualny charakter, swoje potrzeby. Przez lata wypracowali\u015bmy w\u0142asne odchowy samiczek. Oznacza to, \u017ce dziewczyny, ich matki, babki, prababki urodzi\u0142y si\u0119 u nas. Dzi\u0119ki temu wiemy, jakie geny mamy. Potrafimy w du\u017cej mierze oceni\u0107 wielko\u015b\u0107 i budow\u0119 docelow\u0105 malucha oraz jego charakter.\u2026","rel":"","context":"Similar post","img":{"alt_text":"","src":"https:\/\/i0.wp.com\/hodowlahappyteddy.pl\/wp-content\/uploads\/2023\/02\/322484964_736768664203393_7632733645418792909_n-5.jpg?resize=350%2C200&ssl=1","width":350,"height":200},"classes":[]},{"id":17,"url":"https:\/\/hodowlahappyteddy.pl\/index.php\/kontakt\/","url_meta":{"origin":111,"position":3},"title":"KONTAKT","date":"07\/10\/2022","format":false,"excerpt":"Dzi\u0119kujemy za odwiedzenie naszej strony. Je\u017celi chcesz zada\u0107 pytanie lub nawi\u0105za\u0107 wsp\u00f3\u0142prac\u0119, skontaktuj si\u0119 z nami: Happy Teddy - Hodowla kr\u00f3lik\u00f3w Karze\u0142ek Teddy i Mini Lop tel. 602-325-932 happy.teddy@onet.pl https:\/\/www.facebook.com\/hodowla.happyteddy","rel":"","context":"Similar post","img":{"alt_text":"","src":"https:\/\/i0.wp.com\/hodowlahappyteddy.pl\/wp-content\/uploads\/2023\/01\/325045818_709154690917005_5344151260007104453_n.png?resize=350%2C200&ssl=1","width":350,"height":200},"classes":[]},{"id":1012,"url":"https:\/\/hodowlahappyteddy.pl\/index.php\/samiczki-mini-lop\/","url_meta":{"origin":111,"position":4},"title":"SAMICZKI MINI LOP","date":"02\/15\/2023","format":false,"excerpt":"WSZYSTKIE NASZE SAMICZKI URODZI\u0141Y SI\u0118 JU\u017b U NAS. ICH MAMY, BABCIE A NAWET PRA I PRAPRABABCIE MIESZKA\u0141Y W NASZEJ HODOWLI. DZI\u0118KI W\u0141ASNYM ODCHOWOM POTRAFIMY W DUZYM STOPNIU OCENI\u0106 CHARAKTER, BUDOW\u0118 ORAZ ZDROWIE PRZYSZ\u0141YCH POKOLE\u0143. DZIEWCZYNKI PO PROGRAMIE HODOWLANYM TRAFIAJA DO NAJLEPSZYCH DOM\u00d3W ADOPCYJNYCH. MAYA- w\u0142asny odch\u00f3w 1 pokolenie Happy Teddy\u2026","rel":"","context":"Similar post","img":{"alt_text":"","src":"https:\/\/i0.wp.com\/hodowlahappyteddy.pl\/wp-content\/uploads\/2023\/03\/329429214_715020793538255_6378720616262165905_n-5.jpg?resize=350%2C200&ssl=1","width":350,"height":200},"classes":[]},{"id":122,"url":"https:\/\/hodowlahappyteddy.pl\/index.php\/sklep-dla-krolika\/","url_meta":{"origin":111,"position":5},"title":"SKLEP DLA KR\u00d3LIKA","date":"07\/16\/2022","format":false,"excerpt":"Naszym kr\u00f3liczkom chcemy da\u0107 to co najlepsze, a to co najlepsze znajdziesz w naszym internetowym SKLEPIE DLA KR\u00d3LIKA.","rel":"","context":"Similar post","img":{"alt_text":"","src":"","width":0,"height":0},"classes":[]}],"_links":{"self":[{"href":"https:\/\/hodowlahappyteddy.pl\/index.php\/wp-json\/wp\/v2\/pages\/111","targetHints":{"allow":["GET"]}}],"collection":[{"href":"https:\/\/hodowlahappyteddy.pl\/index.php\/wp-json\/wp\/v2\/pages"}],"about":[{"href":"https:\/\/hodowlahappyteddy.pl\/index.php\/wp-json\/wp\/v2\/types\/page"}],"author":[{"embeddable":true,"href":"https:\/\/hodowlahappyteddy.pl\/index.php\/wp-json\/wp\/v2\/users\/1"}],"replies":[{"embeddable":true,"href":"https:\/\/hodowlahappyteddy.pl\/index.php\/wp-json\/wp\/v2\/comments?post=111"}],"version-history":[{"count":5,"href":"https:\/\/hodowlahappyteddy.pl\/index.php\/wp-json\/wp\/v2\/pages\/111\/revisions"}],"predecessor-version":[{"id":1174,"href":"https:\/\/hodowlahappyteddy.pl\/index.php\/wp-json\/wp\/v2\/pages\/111\/revisions\/1174"}],"wp:attachment":[{"href":"https:\/\/hodowlahappyteddy.pl\/index.php\/wp-json\/wp\/v2\/media?parent=111"}],"curies":[{"name":"wp","href":"https:\/\/api.w.org\/{rel}","templated":true}]}}