{"id":1018,"date":"2023-02-15T20:42:11","date_gmt":"2023-02-15T20:42:11","guid":{"rendered":"http:\/\/hodowlahappyteddy.pl\/?page_id=1018"},"modified":"2023-03-15T22:11:14","modified_gmt":"2023-03-15T22:11:14","slug":"samczyki-teddy","status":"publish","type":"page","link":"https:\/\/hodowlahappyteddy.pl\/index.php\/samczyki-teddy\/","title":{"rendered":"KARZE\u0141EK TEDDY"},"content":{"rendered":"\n<div id=\"wp-block-themeisle-blocks-advanced-columns-ab02ed73\" class=\"wp-block-themeisle-blocks-advanced-columns has-1-columns has-desktop-equal-layout has-tablet-equal-layout has-mobile-equal-layout has-vertical-unset\"><div class=\"wp-block-themeisle-blocks-advanced-columns-overlay\"><\/div><div class=\"innerblocks-wrap\">\n<div id=\"wp-block-themeisle-blocks-advanced-column-f519c25a\" class=\"wp-block-themeisle-blocks-advanced-column\"><\/div>\n<\/div><\/div>\n\n\n\n<div class=\"wp-block-columns is-layout-flex wp-container-core-columns-is-layout-9d6595d7 wp-block-columns-is-layout-flex\">\n<div class=\"wp-block-column is-layout-flow wp-block-column-is-layout-flow\">\n<figure class=\"wp-block-image size-large is-resized\"><img loading=\"lazy\" decoding=\"async\" src=\"http:\/\/hodowlahappyteddy.pl\/wp-content\/uploads\/2023\/03\/335427619_736860201228856_8545298406381614808_n-873x1024.jpg\" alt=\"\" class=\"wp-image-1136\" width=\"270\" height=\"316\" srcset=\"https:\/\/hodowlahappyteddy.pl\/wp-content\/uploads\/2023\/03\/335427619_736860201228856_8545298406381614808_n-873x1024.jpg 873w, https:\/\/hodowlahappyteddy.pl\/wp-content\/uploads\/2023\/03\/335427619_736860201228856_8545298406381614808_n-256x300.jpg 256w, https:\/\/hodowlahappyteddy.pl\/wp-content\/uploads\/2023\/03\/335427619_736860201228856_8545298406381614808_n-768x901.jpg 768w, https:\/\/hodowlahappyteddy.pl\/wp-content\/uploads\/2023\/03\/335427619_736860201228856_8545298406381614808_n.jpg 1078w\" sizes=\"auto, (max-width: 270px) 100vw, 270px\" \/><figcaption class=\"wp-element-caption\">LARS &#8211; hodowla Yarmidasplace \/ Holandia<\/figcaption><\/figure>\n<\/div>\n\n\n\n<div class=\"wp-block-column is-layout-flow wp-block-column-is-layout-flow\">\n<figure class=\"wp-block-image size-full is-resized\"><img loading=\"lazy\" decoding=\"async\" src=\"http:\/\/hodowlahappyteddy.pl\/wp-content\/uploads\/2023\/03\/335428907_764147941821018_2988032607968735273_n.jpg\" alt=\"\" class=\"wp-image-1138\" width=\"344\" height=\"301\" srcset=\"https:\/\/hodowlahappyteddy.pl\/wp-content\/uploads\/2023\/03\/335428907_764147941821018_2988032607968735273_n.jpg 673w, https:\/\/hodowlahappyteddy.pl\/wp-content\/uploads\/2023\/03\/335428907_764147941821018_2988032607968735273_n-300x263.jpg 300w\" sizes=\"auto, (max-width: 344px) 100vw, 344px\" \/><figcaption class=\"wp-element-caption\">Ringo Star ( Jorge) NDJ Teddyplace \/ Holandia<\/figcaption><\/figure>\n<\/div>\n<\/div>\n\n\n\n<p><\/p>\n","protected":false},"excerpt":{"rendered":"","protected":false},"author":1,"featured_media":0,"parent":0,"menu_order":0,"comment_status":"closed","ping_status":"closed","template":"","meta":{"_themeisle_gutenberg_block_has_review":false,"footnotes":""},"class_list":["post-1018","page","type-page","status-publish","hentry"],"jetpack-related-posts":[{"id":1014,"url":"https:\/\/hodowlahappyteddy.pl\/index.php\/samiczki-teddy\/","url_meta":{"origin":1018,"position":0},"title":"KARZE\u0141EK TEDDY","date":"02\/15\/2023","format":false,"excerpt":"BEZA w\u0142asny odch\u00f3w 2 pokolenie Happy Teddy RASTA w\u0142asny odch\u00f3w 2 pokolenie Happy Teddy GAMBIA w\u0142asny odch\u00f3w 2 pokolenie Happy Teddy BLUE ROSE w\u0142asny odch\u00f3w 3 pokolenie Happy Teddy FAMA w\u0142asny odch\u00f3w 3 pokolenie Happy Teddy BARBIE w\u0142asny odch\u00f3w 1 pokolenie Happy Teddy KIRA w\u0142asny odch\u00f3w 3 pokolenie Happy Teddy","rel":"","context":"Similar post","img":{"alt_text":"","src":"https:\/\/i0.wp.com\/hodowlahappyteddy.pl\/wp-content\/uploads\/2023\/03\/276167586_1091811988046753_456066531037165948_n-6.jpg?resize=350%2C200&ssl=1","width":350,"height":200},"classes":[]},{"id":224,"url":"https:\/\/hodowlahappyteddy.pl\/index.php\/kacik-adopcyjny\/","url_meta":{"origin":1018,"position":1},"title":"K\u0104CIK ADOPCYJNY","date":"07\/17\/2022","format":false,"excerpt":"W k\u0105ciku co jaki\u015b czas b\u0119d\u0105 si\u0119 pojawia\u0107 doros\u0142e kr\u00f3liczki do adopcji, poniewa\u017c wszystkim naszym podopiecznym po programie hodowlanym szukamy najlepszych dom\u00f3w, aby szcz\u0119\u015bliwie mog\u0142y sp\u0119dzi\u0107 swoje kr\u00f3licze \u017cycie :) DO ADOPCJI KAWA - Samiczka Karze\u0142ek Teddy samiczka 3 lata. SZUKAMY DOMKU. Ma\u0142a opu\u015bci hodowl\u0119 po zabiegu kastracji, b\u0119dzie zachipowana,\u2026","rel":"","context":"Similar post","img":{"alt_text":"","src":"https:\/\/i0.wp.com\/hodowlahappyteddy.pl\/wp-content\/uploads\/2023\/02\/331434501_875866360349854_7357155869866551538_n-1.jpg?resize=350%2C200&ssl=1","width":350,"height":200},"classes":[]},{"id":17,"url":"https:\/\/hodowlahappyteddy.pl\/index.php\/kontakt\/","url_meta":{"origin":1018,"position":2},"title":"KONTAKT","date":"07\/10\/2022","format":false,"excerpt":"Dzi\u0119kujemy za odwiedzenie naszej strony. Je\u017celi chcesz zada\u0107 pytanie lub nawi\u0105za\u0107 wsp\u00f3\u0142prac\u0119, skontaktuj si\u0119 z nami: Happy Teddy - Hodowla kr\u00f3lik\u00f3w Karze\u0142ek Teddy i Mini Lop tel. 602-325-932 happy.teddy@onet.pl https:\/\/www.facebook.com\/hodowla.happyteddy","rel":"","context":"Similar post","img":{"alt_text":"","src":"https:\/\/i0.wp.com\/hodowlahappyteddy.pl\/wp-content\/uploads\/2023\/01\/325045818_709154690917005_5344151260007104453_n.png?resize=350%2C200&ssl=1","width":350,"height":200},"classes":[]},{"id":1012,"url":"https:\/\/hodowlahappyteddy.pl\/index.php\/samiczki-mini-lop\/","url_meta":{"origin":1018,"position":3},"title":"SAMICZKI MINI LOP","date":"02\/15\/2023","format":false,"excerpt":"WSZYSTKIE NASZE SAMICZKI URODZI\u0141Y SI\u0118 JU\u017b U NAS. ICH MAMY, BABCIE A NAWET PRA I PRAPRABABCIE MIESZKA\u0141Y W NASZEJ HODOWLI. DZI\u0118KI W\u0141ASNYM ODCHOWOM POTRAFIMY W DUZYM STOPNIU OCENI\u0106 CHARAKTER, BUDOW\u0118 ORAZ ZDROWIE PRZYSZ\u0141YCH POKOLE\u0143. DZIEWCZYNKI PO PROGRAMIE HODOWLANYM TRAFIAJA DO NAJLEPSZYCH DOM\u00d3W ADOPCYJNYCH. MAYA- w\u0142asny odch\u00f3w 1 pokolenie Happy Teddy\u2026","rel":"","context":"Similar post","img":{"alt_text":"","src":"https:\/\/i0.wp.com\/hodowlahappyteddy.pl\/wp-content\/uploads\/2023\/03\/329429214_715020793538255_6378720616262165905_n-5.jpg?resize=350%2C200&ssl=1","width":350,"height":200},"classes":[]},{"id":6,"url":"https:\/\/hodowlahappyteddy.pl\/index.php\/o-happy-teddy\/","url_meta":{"origin":1018,"position":4},"title":"O NAS","date":"07\/10\/2022","format":false,"excerpt":"Mam na imi\u0119 Eliza. Hodowl\u0105 kr\u00f3lik\u00f3w miniaturowych zajmuj\u0119 si\u0119 od 2014 roku, natomiast stadko Karze\u0142k\u00f3w Teddy i oraz Mini Lop pod nazw\u0105 Happy Teddy prowadz\u0119 od 2017 roku. Moja hodowla zarejestrowana jest w Krajowym Zwi\u0105zku Hodowc\u00f3w Kr\u00f3lik\u00f3w pod nr 806-P. Mo\u017cna te\u017c nas znale\u017a\u0107 w bazie danych firm CEIDG. Wychodz\u0105c\u2026","rel":"","context":"Similar post","img":{"alt_text":"","src":"https:\/\/i0.wp.com\/hodowlahappyteddy.pl\/wp-content\/uploads\/2023\/02\/322484964_736768664203393_7632733645418792909_n-5.jpg?resize=350%2C200&ssl=1","width":350,"height":200},"classes":[]},{"id":1016,"url":"https:\/\/hodowlahappyteddy.pl\/index.php\/samczyki-mini-lop\/","url_meta":{"origin":1018,"position":5},"title":"MINI LOP","date":"02\/15\/2023","format":false,"excerpt":"PONI\u017bEJ NASZE OBECNE SAMCZYKI. CH\u0141OPC\u00d3W SPROWADZAMY CO KILKA LAT DLA WYMIANY GEN\u00d3W A STARSZYM PO PROGRAMIE HODOWLANYM SZUKAMY NAJLEPSZYCH DOM\u00d3W ADOPCYJNYCH. YOKER Mini Lop - hodowla Zwergwidder Von der Aller \/ Niemcy FORREST GUMP Mini Lop - hodowla Samteddys \/ Francja ANGUS YOUNG Mini Lop - hodowla Zwierzogr\u00f3d \/ Polska\u2026","rel":"","context":"Similar post","img":{"alt_text":"","src":"https:\/\/i0.wp.com\/hodowlahappyteddy.pl\/wp-content\/uploads\/2023\/03\/331225144_904871920779891_5864052023284323190_n.jpg?resize=350%2C200&ssl=1","width":350,"height":200},"classes":[]}],"_links":{"self":[{"href":"https:\/\/hodowlahappyteddy.pl\/index.php\/wp-json\/wp\/v2\/pages\/1018","targetHints":{"allow":["GET"]}}],"collection":[{"href":"https:\/\/hodowlahappyteddy.pl\/index.php\/wp-json\/wp\/v2\/pages"}],"about":[{"href":"https:\/\/hodowlahappyteddy.pl\/index.php\/wp-json\/wp\/v2\/types\/page"}],"author":[{"embeddable":true,"href":"https:\/\/hodowlahappyteddy.pl\/index.php\/wp-json\/wp\/v2\/users\/1"}],"replies":[{"embeddable":true,"href":"https:\/\/hodowlahappyteddy.pl\/index.php\/wp-json\/wp\/v2\/comments?post=1018"}],"version-history":[{"count":3,"href":"https:\/\/hodowlahappyteddy.pl\/index.php\/wp-json\/wp\/v2\/pages\/1018\/revisions"}],"predecessor-version":[{"id":1140,"href":"https:\/\/hodowlahappyteddy.pl\/index.php\/wp-json\/wp\/v2\/pages\/1018\/revisions\/1140"}],"wp:attachment":[{"href":"https:\/\/hodowlahappyteddy.pl\/index.php\/wp-json\/wp\/v2\/media?parent=1018"}],"curies":[{"name":"wp","href":"https:\/\/api.w.org\/{rel}","templated":true}]}}