{"id":1016,"date":"2023-02-15T20:41:46","date_gmt":"2023-02-15T20:41:46","guid":{"rendered":"http:\/\/hodowlahappyteddy.pl\/?page_id=1016"},"modified":"2023-03-15T21:52:33","modified_gmt":"2023-03-15T21:52:33","slug":"samczyki-mini-lop","status":"publish","type":"page","link":"https:\/\/hodowlahappyteddy.pl\/index.php\/samczyki-mini-lop\/","title":{"rendered":"MINI LOP"},"content":{"rendered":"\n<p><strong>PONI\u017bEJ NASZE OBECNE SAMCZYKI. CH\u0141OPC\u00d3W SPROWADZAMY CO KILKA LAT DLA WYMIANY GEN\u00d3W  A STARSZYM<\/strong> <strong>PO PROGRAMIE HODOWLANYM SZUKAMY NAJLEPSZYCH DOM\u00d3W ADOPCYJNYCH.<\/strong><\/p>\n\n\n\n<div class=\"wp-block-columns is-layout-flex wp-container-core-columns-is-layout-9d6595d7 wp-block-columns-is-layout-flex\">\n<div class=\"wp-block-column is-layout-flow wp-block-column-is-layout-flow\">\n<figure class=\"wp-block-image size-large is-resized\"><img loading=\"lazy\" decoding=\"async\" src=\"http:\/\/hodowlahappyteddy.pl\/wp-content\/uploads\/2023\/03\/331225144_904871920779891_5864052023284323190_n-841x1024.jpg\" alt=\"\" class=\"wp-image-1113\" width=\"205\" height=\"249\" srcset=\"https:\/\/hodowlahappyteddy.pl\/wp-content\/uploads\/2023\/03\/331225144_904871920779891_5864052023284323190_n-841x1024.jpg 841w, https:\/\/hodowlahappyteddy.pl\/wp-content\/uploads\/2023\/03\/331225144_904871920779891_5864052023284323190_n-246x300.jpg 246w, https:\/\/hodowlahappyteddy.pl\/wp-content\/uploads\/2023\/03\/331225144_904871920779891_5864052023284323190_n-768x935.jpg 768w, https:\/\/hodowlahappyteddy.pl\/wp-content\/uploads\/2023\/03\/331225144_904871920779891_5864052023284323190_n-1105x1345.jpg 1105w, https:\/\/hodowlahappyteddy.pl\/wp-content\/uploads\/2023\/03\/331225144_904871920779891_5864052023284323190_n.jpg 1224w\" sizes=\"auto, (max-width: 205px) 100vw, 205px\" \/><figcaption class=\"wp-element-caption\">YOKER Mini Lop &#8211; hodowla Zwergwidder Von der Aller \/ Niemcy<\/figcaption><\/figure>\n<\/div>\n\n\n\n<div class=\"wp-block-column is-layout-flow wp-block-column-is-layout-flow\">\n<figure class=\"wp-block-image size-full is-resized\"><img loading=\"lazy\" decoding=\"async\" src=\"http:\/\/hodowlahappyteddy.pl\/wp-content\/uploads\/2023\/03\/335579814_203880402242678_8483119264161209343_n.png\" alt=\"\" class=\"wp-image-1114\" width=\"185\" height=\"244\" srcset=\"https:\/\/hodowlahappyteddy.pl\/wp-content\/uploads\/2023\/03\/335579814_203880402242678_8483119264161209343_n.png 698w, https:\/\/hodowlahappyteddy.pl\/wp-content\/uploads\/2023\/03\/335579814_203880402242678_8483119264161209343_n-227x300.png 227w\" sizes=\"auto, (max-width: 185px) 100vw, 185px\" \/><figcaption class=\"wp-element-caption\">FORREST GUMP Mini Lop &#8211; hodowla Samteddys \/ Francja<\/figcaption><\/figure>\n<\/div>\n\n\n\n<div class=\"wp-block-column is-layout-flow wp-block-column-is-layout-flow\">\n<figure class=\"wp-block-image size-full is-resized\"><img loading=\"lazy\" decoding=\"async\" src=\"http:\/\/hodowlahappyteddy.pl\/wp-content\/uploads\/2023\/03\/335429588_789377988701252_5555954180386303047_n.png\" alt=\"\" class=\"wp-image-1115\" width=\"242\" height=\"235\" srcset=\"https:\/\/hodowlahappyteddy.pl\/wp-content\/uploads\/2023\/03\/335429588_789377988701252_5555954180386303047_n.png 578w, https:\/\/hodowlahappyteddy.pl\/wp-content\/uploads\/2023\/03\/335429588_789377988701252_5555954180386303047_n-300x292.png 300w\" sizes=\"auto, (max-width: 242px) 100vw, 242px\" \/><figcaption class=\"wp-element-caption\">ANGUS YOUNG Mini Lop &#8211; hodowla Zwierzogr\u00f3d \/ Polska<\/figcaption><\/figure>\n<\/div>\n<\/div>\n\n\n\n<figure class=\"wp-block-gallery has-nested-images columns-default is-cropped wp-block-gallery-1 is-layout-flex wp-block-gallery-is-layout-flex\"><\/figure>\n\n\n\n<div class=\"wp-block-columns is-layout-flex wp-container-core-columns-is-layout-9d6595d7 wp-block-columns-is-layout-flex\">\n<div class=\"wp-block-column is-layout-flow wp-block-column-is-layout-flow\">\n<figure class=\"wp-block-image size-full is-resized\"><img loading=\"lazy\" decoding=\"async\" src=\"http:\/\/hodowlahappyteddy.pl\/wp-content\/uploads\/2023\/03\/335444995_247689214279132_833068259671365716_n.jpg\" alt=\"\" class=\"wp-image-1116\" width=\"223\" height=\"210\" srcset=\"https:\/\/hodowlahappyteddy.pl\/wp-content\/uploads\/2023\/03\/335444995_247689214279132_833068259671365716_n.jpg 720w, https:\/\/hodowlahappyteddy.pl\/wp-content\/uploads\/2023\/03\/335444995_247689214279132_833068259671365716_n-300x283.jpg 300w\" sizes=\"auto, (max-width: 223px) 100vw, 223px\" \/><figcaption class=\"wp-element-caption\">SNOW TIGER Mini Lop &#8211; hodowla Zwierzogr\u00f3d \/ Polska<\/figcaption><\/figure>\n<\/div>\n\n\n\n<div class=\"wp-block-column is-layout-flow wp-block-column-is-layout-flow\">\n<figure class=\"wp-block-image size-large is-resized\"><img loading=\"lazy\" decoding=\"async\" src=\"http:\/\/hodowlahappyteddy.pl\/wp-content\/uploads\/2023\/03\/335576070_279297631443656_3626869924341432259_n-1024x917.jpg\" alt=\"\" class=\"wp-image-1117\" width=\"232\" height=\"208\" srcset=\"https:\/\/hodowlahappyteddy.pl\/wp-content\/uploads\/2023\/03\/335576070_279297631443656_3626869924341432259_n-1024x917.jpg 1024w, https:\/\/hodowlahappyteddy.pl\/wp-content\/uploads\/2023\/03\/335576070_279297631443656_3626869924341432259_n-300x269.jpg 300w, https:\/\/hodowlahappyteddy.pl\/wp-content\/uploads\/2023\/03\/335576070_279297631443656_3626869924341432259_n-768x688.jpg 768w, https:\/\/hodowlahappyteddy.pl\/wp-content\/uploads\/2023\/03\/335576070_279297631443656_3626869924341432259_n-1536x1376.jpg 1536w, https:\/\/hodowlahappyteddy.pl\/wp-content\/uploads\/2023\/03\/335576070_279297631443656_3626869924341432259_n-1105x990.jpg 1105w, https:\/\/hodowlahappyteddy.pl\/wp-content\/uploads\/2023\/03\/335576070_279297631443656_3626869924341432259_n.jpg 1735w\" sizes=\"auto, (max-width: 232px) 100vw, 232px\" \/><figcaption class=\"wp-element-caption\">MERLIN Mini Lop &#8211; hodowla Teddy Dreams \/ Polska<\/figcaption><\/figure>\n<\/div>\n\n\n\n<div class=\"wp-block-column is-layout-flow wp-block-column-is-layout-flow\">\n<figure class=\"wp-block-image size-large is-resized\"><img loading=\"lazy\" decoding=\"async\" src=\"http:\/\/hodowlahappyteddy.pl\/wp-content\/uploads\/2023\/03\/335742650_604824237807093_5853564803983149012_n-1024x736.jpg\" alt=\"\" class=\"wp-image-1118\" width=\"246\" height=\"177\" srcset=\"https:\/\/hodowlahappyteddy.pl\/wp-content\/uploads\/2023\/03\/335742650_604824237807093_5853564803983149012_n-1024x736.jpg 1024w, https:\/\/hodowlahappyteddy.pl\/wp-content\/uploads\/2023\/03\/335742650_604824237807093_5853564803983149012_n-300x216.jpg 300w, https:\/\/hodowlahappyteddy.pl\/wp-content\/uploads\/2023\/03\/335742650_604824237807093_5853564803983149012_n-768x552.jpg 768w, https:\/\/hodowlahappyteddy.pl\/wp-content\/uploads\/2023\/03\/335742650_604824237807093_5853564803983149012_n-1536x1104.jpg 1536w, https:\/\/hodowlahappyteddy.pl\/wp-content\/uploads\/2023\/03\/335742650_604824237807093_5853564803983149012_n-1105x794.jpg 1105w, https:\/\/hodowlahappyteddy.pl\/wp-content\/uploads\/2023\/03\/335742650_604824237807093_5853564803983149012_n.jpg 1776w\" sizes=\"auto, (max-width: 246px) 100vw, 246px\" \/><figcaption class=\"wp-element-caption\">TOTALIAS Mini &amp; Holland Lop &#8211; hodowla Samteddys \/ Francja<\/figcaption><\/figure>\n<\/div>\n<\/div>\n","protected":false},"excerpt":{"rendered":"<p>PONI\u017bEJ NASZE OBECNE SAMCZYKI. CH\u0141OPC\u00d3W SPROWADZAMY CO KILKA LAT DLA WYMIANY GEN\u00d3W A STARSZYM PO PROGRAMIE HODOWLANYM SZUKAMY NAJLEPSZYCH DOM\u00d3W ADOPCYJNYCH.<\/p>\n","protected":false},"author":1,"featured_media":0,"parent":0,"menu_order":0,"comment_status":"closed","ping_status":"closed","template":"","meta":{"_themeisle_gutenberg_block_has_review":false,"footnotes":""},"class_list":["post-1016","page","type-page","status-publish","hentry"],"jetpack-related-posts":[{"id":120,"url":"https:\/\/hodowlahappyteddy.pl\/index.php\/nowe-mioty-2\/","url_meta":{"origin":1016,"position":0},"title":"NOWE MIOTY","date":"07\/16\/2022","format":false,"excerpt":"MIOT YD MINI LOP TGHKJJMHJM. UJH MINI LOP","rel":"","context":"Similar post","img":{"alt_text":"","src":"","width":0,"height":0},"classes":[]},{"id":1012,"url":"https:\/\/hodowlahappyteddy.pl\/index.php\/samiczki-mini-lop\/","url_meta":{"origin":1016,"position":1},"title":"SAMICZKI MINI LOP","date":"02\/15\/2023","format":false,"excerpt":"WSZYSTKIE NASZE SAMICZKI URODZI\u0141Y SI\u0118 JU\u017b U NAS. ICH MAMY, BABCIE A NAWET PRA I PRAPRABABCIE MIESZKA\u0141Y W NASZEJ HODOWLI. DZI\u0118KI W\u0141ASNYM ODCHOWOM POTRAFIMY W DUZYM STOPNIU OCENI\u0106 CHARAKTER, BUDOW\u0118 ORAZ ZDROWIE PRZYSZ\u0141YCH POKOLE\u0143. DZIEWCZYNKI PO PROGRAMIE HODOWLANYM TRAFIAJA DO NAJLEPSZYCH DOM\u00d3W ADOPCYJNYCH. MAYA- w\u0142asny odch\u00f3w 1 pokolenie Happy Teddy\u2026","rel":"","context":"Similar post","img":{"alt_text":"","src":"https:\/\/i0.wp.com\/hodowlahappyteddy.pl\/wp-content\/uploads\/2023\/03\/329429214_715020793538255_6378720616262165905_n-5.jpg?resize=350%2C200&ssl=1","width":350,"height":200},"classes":[]},{"id":17,"url":"https:\/\/hodowlahappyteddy.pl\/index.php\/kontakt\/","url_meta":{"origin":1016,"position":2},"title":"KONTAKT","date":"07\/10\/2022","format":false,"excerpt":"Dzi\u0119kujemy za odwiedzenie naszej strony. Je\u017celi chcesz zada\u0107 pytanie lub nawi\u0105za\u0107 wsp\u00f3\u0142prac\u0119, skontaktuj si\u0119 z nami: Happy Teddy - Hodowla kr\u00f3lik\u00f3w Karze\u0142ek Teddy i Mini Lop tel. 602-325-932 happy.teddy@onet.pl https:\/\/www.facebook.com\/hodowla.happyteddy","rel":"","context":"Similar post","img":{"alt_text":"","src":"https:\/\/i0.wp.com\/hodowlahappyteddy.pl\/wp-content\/uploads\/2023\/01\/325045818_709154690917005_5344151260007104453_n.png?resize=350%2C200&ssl=1","width":350,"height":200},"classes":[]},{"id":6,"url":"https:\/\/hodowlahappyteddy.pl\/index.php\/o-happy-teddy\/","url_meta":{"origin":1016,"position":3},"title":"O NAS","date":"07\/10\/2022","format":false,"excerpt":"Mam na imi\u0119 Eliza. Hodowl\u0105 kr\u00f3lik\u00f3w miniaturowych zajmuj\u0119 si\u0119 od 2014 roku, natomiast stadko Karze\u0142k\u00f3w Teddy i oraz Mini Lop pod nazw\u0105 Happy Teddy prowadz\u0119 od 2017 roku. Moja hodowla zarejestrowana jest w Krajowym Zwi\u0105zku Hodowc\u00f3w Kr\u00f3lik\u00f3w pod nr 806-P. Mo\u017cna te\u017c nas znale\u017a\u0107 w bazie danych firm CEIDG. Wychodz\u0105c\u2026","rel":"","context":"Similar post","img":{"alt_text":"","src":"https:\/\/i0.wp.com\/hodowlahappyteddy.pl\/wp-content\/uploads\/2023\/02\/322484964_736768664203393_7632733645418792909_n-5.jpg?resize=350%2C200&ssl=1","width":350,"height":200},"classes":[]}],"_links":{"self":[{"href":"https:\/\/hodowlahappyteddy.pl\/index.php\/wp-json\/wp\/v2\/pages\/1016","targetHints":{"allow":["GET"]}}],"collection":[{"href":"https:\/\/hodowlahappyteddy.pl\/index.php\/wp-json\/wp\/v2\/pages"}],"about":[{"href":"https:\/\/hodowlahappyteddy.pl\/index.php\/wp-json\/wp\/v2\/types\/page"}],"author":[{"embeddable":true,"href":"https:\/\/hodowlahappyteddy.pl\/index.php\/wp-json\/wp\/v2\/users\/1"}],"replies":[{"embeddable":true,"href":"https:\/\/hodowlahappyteddy.pl\/index.php\/wp-json\/wp\/v2\/comments?post=1016"}],"version-history":[{"count":16,"href":"https:\/\/hodowlahappyteddy.pl\/index.php\/wp-json\/wp\/v2\/pages\/1016\/revisions"}],"predecessor-version":[{"id":1128,"href":"https:\/\/hodowlahappyteddy.pl\/index.php\/wp-json\/wp\/v2\/pages\/1016\/revisions\/1128"}],"wp:attachment":[{"href":"https:\/\/hodowlahappyteddy.pl\/index.php\/wp-json\/wp\/v2\/media?parent=1016"}],"curies":[{"name":"wp","href":"https:\/\/api.w.org\/{rel}","templated":true}]}}