{"id":1014,"date":"2023-02-15T20:41:21","date_gmt":"2023-02-15T20:41:21","guid":{"rendered":"http:\/\/hodowlahappyteddy.pl\/?page_id=1014"},"modified":"2023-03-27T16:03:16","modified_gmt":"2023-03-27T16:03:16","slug":"samiczki-teddy","status":"publish","type":"page","link":"https:\/\/hodowlahappyteddy.pl\/index.php\/samiczki-teddy\/","title":{"rendered":"KARZE\u0141EK TEDDY"},"content":{"rendered":"\n<div class=\"wp-block-columns is-layout-flex wp-container-core-columns-is-layout-9d6595d7 wp-block-columns-is-layout-flex\">\n<div class=\"wp-block-column is-vertically-aligned-bottom is-layout-flow wp-block-column-is-layout-flow\">\n<div class=\"wp-block-media-text alignwide is-stacked-on-mobile\" style=\"grid-template-columns:56% auto\"><figure class=\"wp-block-media-text__media\"><img loading=\"lazy\" decoding=\"async\" width=\"716\" height=\"563\" src=\"http:\/\/hodowlahappyteddy.pl\/wp-content\/uploads\/2023\/03\/276167586_1091811988046753_456066531037165948_n-6.jpg\" alt=\"\" class=\"wp-image-1163 size-full\" srcset=\"https:\/\/hodowlahappyteddy.pl\/wp-content\/uploads\/2023\/03\/276167586_1091811988046753_456066531037165948_n-6.jpg 716w, https:\/\/hodowlahappyteddy.pl\/wp-content\/uploads\/2023\/03\/276167586_1091811988046753_456066531037165948_n-6-300x236.jpg 300w\" sizes=\"auto, (max-width: 716px) 100vw, 716px\" \/><\/figure><div class=\"wp-block-media-text__content\">\n<p>BEZA w\u0142asny odch\u00f3w 2 pokolenie Happy Teddy<\/p>\n<\/div><\/div>\n<\/div>\n\n\n\n<div class=\"wp-block-column is-layout-flow wp-block-column-is-layout-flow\">\n<div class=\"wp-block-media-text alignwide is-stacked-on-mobile is-vertically-aligned-bottom\" style=\"grid-template-columns:69% auto\"><figure class=\"wp-block-media-text__media\"><img loading=\"lazy\" decoding=\"async\" width=\"720\" height=\"405\" src=\"http:\/\/hodowlahappyteddy.pl\/wp-content\/uploads\/2023\/03\/277354857_1091812154713403_2308075115320137609_n.jpg\" alt=\"\" class=\"wp-image-1166 size-full\" srcset=\"https:\/\/hodowlahappyteddy.pl\/wp-content\/uploads\/2023\/03\/277354857_1091812154713403_2308075115320137609_n.jpg 720w, https:\/\/hodowlahappyteddy.pl\/wp-content\/uploads\/2023\/03\/277354857_1091812154713403_2308075115320137609_n-300x169.jpg 300w\" sizes=\"auto, (max-width: 720px) 100vw, 720px\" \/><\/figure><div class=\"wp-block-media-text__content\">\n<p>RASTA w\u0142asny odch\u00f3w 2 pokolenie Happy Teddy<\/p>\n<\/div><\/div>\n<\/div>\n<\/div>\n\n\n\n<div class=\"wp-block-columns is-layout-flex wp-container-core-columns-is-layout-9d6595d7 wp-block-columns-is-layout-flex\">\n<div class=\"wp-block-column is-layout-flow wp-block-column-is-layout-flow\">\n<div class=\"wp-block-media-text alignwide is-stacked-on-mobile\" style=\"grid-template-columns:72% auto\"><figure class=\"wp-block-media-text__media\"><img loading=\"lazy\" decoding=\"async\" width=\"960\" height=\"540\" src=\"http:\/\/hodowlahappyteddy.pl\/wp-content\/uploads\/2023\/03\/276203847_1091811914713427_8875696490710898141_n-4.jpg\" alt=\"\" class=\"wp-image-1167 size-full\" srcset=\"https:\/\/hodowlahappyteddy.pl\/wp-content\/uploads\/2023\/03\/276203847_1091811914713427_8875696490710898141_n-4.jpg 960w, https:\/\/hodowlahappyteddy.pl\/wp-content\/uploads\/2023\/03\/276203847_1091811914713427_8875696490710898141_n-4-300x169.jpg 300w, https:\/\/hodowlahappyteddy.pl\/wp-content\/uploads\/2023\/03\/276203847_1091811914713427_8875696490710898141_n-4-768x432.jpg 768w\" sizes=\"auto, (max-width: 960px) 100vw, 960px\" \/><\/figure><div class=\"wp-block-media-text__content\">\n<p>GAMBIA w\u0142asny odch\u00f3w 2 pokolenie Happy Teddy<\/p>\n<\/div><\/div>\n<\/div>\n\n\n\n<div class=\"wp-block-column is-layout-flow wp-block-column-is-layout-flow\">\n<div class=\"wp-block-media-text alignwide is-stacked-on-mobile\" style=\"grid-template-columns:62% auto\"><figure class=\"wp-block-media-text__media\"><img loading=\"lazy\" decoding=\"async\" width=\"768\" height=\"432\" src=\"http:\/\/hodowlahappyteddy.pl\/wp-content\/uploads\/2023\/03\/277177872_1091811794713439_1157683911572913294_n.jpg\" alt=\"\" class=\"wp-image-1168 size-full\" srcset=\"https:\/\/hodowlahappyteddy.pl\/wp-content\/uploads\/2023\/03\/277177872_1091811794713439_1157683911572913294_n.jpg 768w, https:\/\/hodowlahappyteddy.pl\/wp-content\/uploads\/2023\/03\/277177872_1091811794713439_1157683911572913294_n-300x169.jpg 300w\" sizes=\"auto, (max-width: 768px) 100vw, 768px\" \/><\/figure><div class=\"wp-block-media-text__content\">\n<p>BLUE ROSE w\u0142asny odch\u00f3w 3 pokolenie Happy Teddy<\/p>\n<\/div><\/div>\n<\/div>\n<\/div>\n\n\n\n<div class=\"wp-block-columns is-layout-flex wp-container-core-columns-is-layout-9d6595d7 wp-block-columns-is-layout-flex\">\n<div class=\"wp-block-column is-layout-flow wp-block-column-is-layout-flow\">\n<div class=\"wp-block-media-text alignwide is-stacked-on-mobile\"><figure class=\"wp-block-media-text__media\"><img loading=\"lazy\" decoding=\"async\" width=\"960\" height=\"673\" src=\"http:\/\/hodowlahappyteddy.pl\/wp-content\/uploads\/2023\/03\/277816976_1100183740542911_9162124969067790814_n.jpg\" alt=\"\" class=\"wp-image-1169 size-full\" srcset=\"https:\/\/hodowlahappyteddy.pl\/wp-content\/uploads\/2023\/03\/277816976_1100183740542911_9162124969067790814_n.jpg 960w, https:\/\/hodowlahappyteddy.pl\/wp-content\/uploads\/2023\/03\/277816976_1100183740542911_9162124969067790814_n-300x210.jpg 300w, https:\/\/hodowlahappyteddy.pl\/wp-content\/uploads\/2023\/03\/277816976_1100183740542911_9162124969067790814_n-768x538.jpg 768w\" sizes=\"auto, (max-width: 960px) 100vw, 960px\" \/><\/figure><div class=\"wp-block-media-text__content\">\n<p>FAMA w\u0142asny odch\u00f3w 3 pokolenie Happy Teddy<\/p>\n<\/div><\/div>\n<\/div>\n\n\n\n<div class=\"wp-block-column is-layout-flow wp-block-column-is-layout-flow\">\n<div class=\"wp-block-media-text alignwide is-stacked-on-mobile\"><figure class=\"wp-block-media-text__media\"><img loading=\"lazy\" decoding=\"async\" width=\"960\" height=\"722\" src=\"http:\/\/hodowlahappyteddy.pl\/wp-content\/uploads\/2023\/03\/276321512_1091812081380077_1682428029179297310_n.jpg\" alt=\"\" class=\"wp-image-1170 size-full\" srcset=\"https:\/\/hodowlahappyteddy.pl\/wp-content\/uploads\/2023\/03\/276321512_1091812081380077_1682428029179297310_n.jpg 960w, https:\/\/hodowlahappyteddy.pl\/wp-content\/uploads\/2023\/03\/276321512_1091812081380077_1682428029179297310_n-300x226.jpg 300w, https:\/\/hodowlahappyteddy.pl\/wp-content\/uploads\/2023\/03\/276321512_1091812081380077_1682428029179297310_n-768x578.jpg 768w\" sizes=\"auto, (max-width: 960px) 100vw, 960px\" \/><\/figure><div class=\"wp-block-media-text__content\">\n<p>BARBIE w\u0142asny odch\u00f3w 1 pokolenie Happy Teddy<\/p>\n<\/div><\/div>\n<\/div>\n<\/div>\n\n\n\n<div class=\"wp-block-media-text alignwide is-stacked-on-mobile\" style=\"grid-template-columns:22% auto\"><figure class=\"wp-block-media-text__media\"><img loading=\"lazy\" decoding=\"async\" width=\"622\" height=\"549\" src=\"http:\/\/hodowlahappyteddy.pl\/wp-content\/uploads\/2023\/03\/333450696_896156004833716_635827292302280568_n.jpg\" alt=\"\" class=\"wp-image-1171 size-full\" srcset=\"https:\/\/hodowlahappyteddy.pl\/wp-content\/uploads\/2023\/03\/333450696_896156004833716_635827292302280568_n.jpg 622w, https:\/\/hodowlahappyteddy.pl\/wp-content\/uploads\/2023\/03\/333450696_896156004833716_635827292302280568_n-300x265.jpg 300w\" sizes=\"auto, (max-width: 622px) 100vw, 622px\" \/><\/figure><div class=\"wp-block-media-text__content\">\n<p>KIRA w\u0142asny odch\u00f3w 3 pokolenie Happy Teddy<\/p>\n<\/div><\/div>\n","protected":false},"excerpt":{"rendered":"<p>BEZA w\u0142asny odch\u00f3w 2 pokolenie Happy Teddy RASTA w\u0142asny odch\u00f3w 2 pokolenie Happy Teddy GAMBIA w\u0142asny odch\u00f3w 2 pokolenie Happy Teddy BLUE ROSE w\u0142asny odch\u00f3w 3 pokolenie Happy Teddy FAMA w\u0142asny odch\u00f3w 3 pokolenie Happy Teddy BARBIE w\u0142asny odch\u00f3w 1 pokolenie Happy Teddy KIRA w\u0142asny odch\u00f3w 3 pokolenie Happy Teddy<\/p>\n","protected":false},"author":1,"featured_media":0,"parent":0,"menu_order":0,"comment_status":"closed","ping_status":"closed","template":"","meta":{"_themeisle_gutenberg_block_has_review":false,"footnotes":""},"class_list":["post-1014","page","type-page","status-publish","hentry"],"jetpack-related-posts":[{"id":1012,"url":"https:\/\/hodowlahappyteddy.pl\/index.php\/samiczki-mini-lop\/","url_meta":{"origin":1014,"position":0},"title":"SAMICZKI MINI LOP","date":"02\/15\/2023","format":false,"excerpt":"WSZYSTKIE NASZE SAMICZKI URODZI\u0141Y SI\u0118 JU\u017b U NAS. ICH MAMY, BABCIE A NAWET PRA I PRAPRABABCIE MIESZKA\u0141Y W NASZEJ HODOWLI. DZI\u0118KI W\u0141ASNYM ODCHOWOM POTRAFIMY W DUZYM STOPNIU OCENI\u0106 CHARAKTER, BUDOW\u0118 ORAZ ZDROWIE PRZYSZ\u0141YCH POKOLE\u0143. DZIEWCZYNKI PO PROGRAMIE HODOWLANYM TRAFIAJA DO NAJLEPSZYCH DOM\u00d3W ADOPCYJNYCH. MAYA- w\u0142asny odch\u00f3w 1 pokolenie Happy Teddy\u2026","rel":"","context":"Similar post","img":{"alt_text":"","src":"https:\/\/i0.wp.com\/hodowlahappyteddy.pl\/wp-content\/uploads\/2023\/03\/329429214_715020793538255_6378720616262165905_n-5.jpg?resize=350%2C200&ssl=1","width":350,"height":200},"classes":[]},{"id":17,"url":"https:\/\/hodowlahappyteddy.pl\/index.php\/kontakt\/","url_meta":{"origin":1014,"position":1},"title":"KONTAKT","date":"07\/10\/2022","format":false,"excerpt":"Dzi\u0119kujemy za odwiedzenie naszej strony. Je\u017celi chcesz zada\u0107 pytanie lub nawi\u0105za\u0107 wsp\u00f3\u0142prac\u0119, skontaktuj si\u0119 z nami: Happy Teddy - Hodowla kr\u00f3lik\u00f3w Karze\u0142ek Teddy i Mini Lop tel. 602-325-932 happy.teddy@onet.pl https:\/\/www.facebook.com\/hodowla.happyteddy","rel":"","context":"Similar post","img":{"alt_text":"","src":"https:\/\/i0.wp.com\/hodowlahappyteddy.pl\/wp-content\/uploads\/2023\/01\/325045818_709154690917005_5344151260007104453_n.png?resize=350%2C200&ssl=1","width":350,"height":200},"classes":[]},{"id":1018,"url":"https:\/\/hodowlahappyteddy.pl\/index.php\/samczyki-teddy\/","url_meta":{"origin":1014,"position":2},"title":"KARZE\u0141EK TEDDY","date":"02\/15\/2023","format":false,"excerpt":"LARS - hodowla Yarmidasplace \/ Holandia Ringo Star ( Jorge) NDJ Teddyplace \/ Holandia","rel":"","context":"Similar post","img":{"alt_text":"","src":"https:\/\/i0.wp.com\/hodowlahappyteddy.pl\/wp-content\/uploads\/2023\/03\/335427619_736860201228856_8545298406381614808_n.jpg?resize=350%2C200&ssl=1","width":350,"height":200},"classes":[]},{"id":224,"url":"https:\/\/hodowlahappyteddy.pl\/index.php\/kacik-adopcyjny\/","url_meta":{"origin":1014,"position":3},"title":"K\u0104CIK ADOPCYJNY","date":"07\/17\/2022","format":false,"excerpt":"W k\u0105ciku co jaki\u015b czas b\u0119d\u0105 si\u0119 pojawia\u0107 doros\u0142e kr\u00f3liczki do adopcji, poniewa\u017c wszystkim naszym podopiecznym po programie hodowlanym szukamy najlepszych dom\u00f3w, aby szcz\u0119\u015bliwie mog\u0142y sp\u0119dzi\u0107 swoje kr\u00f3licze \u017cycie :) DO ADOPCJI KAWA - Samiczka Karze\u0142ek Teddy samiczka 3 lata. SZUKAMY DOMKU. Ma\u0142a opu\u015bci hodowl\u0119 po zabiegu kastracji, b\u0119dzie zachipowana,\u2026","rel":"","context":"Similar post","img":{"alt_text":"","src":"https:\/\/i0.wp.com\/hodowlahappyteddy.pl\/wp-content\/uploads\/2023\/02\/331434501_875866360349854_7357155869866551538_n-1.jpg?resize=350%2C200&ssl=1","width":350,"height":200},"classes":[]},{"id":6,"url":"https:\/\/hodowlahappyteddy.pl\/index.php\/o-happy-teddy\/","url_meta":{"origin":1014,"position":4},"title":"O NAS","date":"07\/10\/2022","format":false,"excerpt":"Mam na imi\u0119 Eliza. Hodowl\u0105 kr\u00f3lik\u00f3w miniaturowych zajmuj\u0119 si\u0119 od 2014 roku, natomiast stadko Karze\u0142k\u00f3w Teddy i oraz Mini Lop pod nazw\u0105 Happy Teddy prowadz\u0119 od 2017 roku. Moja hodowla zarejestrowana jest w Krajowym Zwi\u0105zku Hodowc\u00f3w Kr\u00f3lik\u00f3w pod nr 806-P. Mo\u017cna te\u017c nas znale\u017a\u0107 w bazie danych firm CEIDG. Wychodz\u0105c\u2026","rel":"","context":"Similar post","img":{"alt_text":"","src":"https:\/\/i0.wp.com\/hodowlahappyteddy.pl\/wp-content\/uploads\/2023\/02\/322484964_736768664203393_7632733645418792909_n-5.jpg?resize=350%2C200&ssl=1","width":350,"height":200},"classes":[]},{"id":1016,"url":"https:\/\/hodowlahappyteddy.pl\/index.php\/samczyki-mini-lop\/","url_meta":{"origin":1014,"position":5},"title":"MINI LOP","date":"02\/15\/2023","format":false,"excerpt":"PONI\u017bEJ NASZE OBECNE SAMCZYKI. CH\u0141OPC\u00d3W SPROWADZAMY CO KILKA LAT DLA WYMIANY GEN\u00d3W A STARSZYM PO PROGRAMIE HODOWLANYM SZUKAMY NAJLEPSZYCH DOM\u00d3W ADOPCYJNYCH. YOKER Mini Lop - hodowla Zwergwidder Von der Aller \/ Niemcy FORREST GUMP Mini Lop - hodowla Samteddys \/ Francja ANGUS YOUNG Mini Lop - hodowla Zwierzogr\u00f3d \/ Polska\u2026","rel":"","context":"Similar post","img":{"alt_text":"","src":"https:\/\/i0.wp.com\/hodowlahappyteddy.pl\/wp-content\/uploads\/2023\/03\/331225144_904871920779891_5864052023284323190_n.jpg?resize=350%2C200&ssl=1","width":350,"height":200},"classes":[]}],"_links":{"self":[{"href":"https:\/\/hodowlahappyteddy.pl\/index.php\/wp-json\/wp\/v2\/pages\/1014","targetHints":{"allow":["GET"]}}],"collection":[{"href":"https:\/\/hodowlahappyteddy.pl\/index.php\/wp-json\/wp\/v2\/pages"}],"about":[{"href":"https:\/\/hodowlahappyteddy.pl\/index.php\/wp-json\/wp\/v2\/types\/page"}],"author":[{"embeddable":true,"href":"https:\/\/hodowlahappyteddy.pl\/index.php\/wp-json\/wp\/v2\/users\/1"}],"replies":[{"embeddable":true,"href":"https:\/\/hodowlahappyteddy.pl\/index.php\/wp-json\/wp\/v2\/comments?post=1014"}],"version-history":[{"count":11,"href":"https:\/\/hodowlahappyteddy.pl\/index.php\/wp-json\/wp\/v2\/pages\/1014\/revisions"}],"predecessor-version":[{"id":1172,"href":"https:\/\/hodowlahappyteddy.pl\/index.php\/wp-json\/wp\/v2\/pages\/1014\/revisions\/1172"}],"wp:attachment":[{"href":"https:\/\/hodowlahappyteddy.pl\/index.php\/wp-json\/wp\/v2\/media?parent=1014"}],"curies":[{"name":"wp","href":"https:\/\/api.w.org\/{rel}","templated":true}]}}