{"id":1012,"date":"2023-02-15T20:40:53","date_gmt":"2023-02-15T20:40:53","guid":{"rendered":"http:\/\/hodowlahappyteddy.pl\/?page_id=1012"},"modified":"2023-03-27T15:39:27","modified_gmt":"2023-03-27T15:39:27","slug":"samiczki-mini-lop","status":"publish","type":"page","link":"https:\/\/hodowlahappyteddy.pl\/index.php\/samiczki-mini-lop\/","title":{"rendered":"SAMICZKI MINI LOP"},"content":{"rendered":"\n<div class=\"wp-block-group alignwide\"><div class=\"wp-block-group__inner-container is-layout-constrained wp-block-group-is-layout-constrained\"><\/div><\/div>\n\n\n\n<div id=\"wp-block-themeisle-blocks-advanced-columns-8cc68246\" class=\"wp-block-themeisle-blocks-advanced-columns has-1-columns has-desktop-equal-layout has-tablet-equal-layout has-mobile-equal-layout has-vertical-unset\"><div class=\"wp-block-themeisle-blocks-advanced-columns-overlay\"><\/div><div class=\"innerblocks-wrap\">\n<div id=\"wp-block-themeisle-blocks-advanced-column-5eac1d2c\" class=\"wp-block-themeisle-blocks-advanced-column\"><\/div>\n<\/div><\/div>\n\n\n\n<h6 class=\"wp-block-heading\">WSZYSTKIE NASZE SAMICZKI URODZI\u0141Y SI\u0118 JU\u017b U NAS. ICH MAMY, BABCIE A NAWET PRA I PRAPRABABCIE MIESZKA\u0141Y W NASZEJ HODOWLI. DZI\u0118KI W\u0141ASNYM ODCHOWOM POTRAFIMY W DUZYM STOPNIU OCENI\u0106 CHARAKTER, BUDOW\u0118 ORAZ ZDROWIE PRZYSZ\u0141YCH POKOLE\u0143. DZIEWCZYNKI PO PROGRAMIE HODOWLANYM TRAFIAJA DO NAJLEPSZYCH DOM\u00d3W ADOPCYJNYCH.<\/h6>\n\n\n\n<div class=\"wp-block-columns is-layout-flex wp-container-core-columns-is-layout-9d6595d7 wp-block-columns-is-layout-flex\">\n<div class=\"wp-block-column is-layout-flow wp-block-column-is-layout-flow\">\n<figure class=\"wp-block-image size-large is-resized\"><img loading=\"lazy\" decoding=\"async\" src=\"http:\/\/hodowlahappyteddy.pl\/wp-content\/uploads\/2023\/03\/329429214_715020793538255_6378720616262165905_n-5-1024x739.jpg\" alt=\"\" class=\"wp-image-1097\" width=\"217\" height=\"156\" srcset=\"https:\/\/hodowlahappyteddy.pl\/wp-content\/uploads\/2023\/03\/329429214_715020793538255_6378720616262165905_n-5-1024x739.jpg 1024w, https:\/\/hodowlahappyteddy.pl\/wp-content\/uploads\/2023\/03\/329429214_715020793538255_6378720616262165905_n-5-300x216.jpg 300w, https:\/\/hodowlahappyteddy.pl\/wp-content\/uploads\/2023\/03\/329429214_715020793538255_6378720616262165905_n-5-768x554.jpg 768w, https:\/\/hodowlahappyteddy.pl\/wp-content\/uploads\/2023\/03\/329429214_715020793538255_6378720616262165905_n-5-1105x797.jpg 1105w, https:\/\/hodowlahappyteddy.pl\/wp-content\/uploads\/2023\/03\/329429214_715020793538255_6378720616262165905_n-5.jpg 1465w\" sizes=\"auto, (max-width: 217px) 100vw, 217px\" \/><figcaption class=\"wp-element-caption\">MAYA- w\u0142asny odch\u00f3w 1 pokolenie Happy Teddy<\/figcaption><\/figure>\n<\/div>\n\n\n\n<div class=\"wp-block-column is-layout-flow wp-block-column-is-layout-flow\">\n<figure class=\"wp-block-image size-full is-resized\"><img loading=\"lazy\" decoding=\"async\" src=\"http:\/\/hodowlahappyteddy.pl\/wp-content\/uploads\/2023\/03\/275613539_1083015805593038_3206052224545818473_n.jpg\" alt=\"\" class=\"wp-image-1079\" width=\"198\" height=\"163\" srcset=\"https:\/\/hodowlahappyteddy.pl\/wp-content\/uploads\/2023\/03\/275613539_1083015805593038_3206052224545818473_n.jpg 921w, https:\/\/hodowlahappyteddy.pl\/wp-content\/uploads\/2023\/03\/275613539_1083015805593038_3206052224545818473_n-300x248.jpg 300w, https:\/\/hodowlahappyteddy.pl\/wp-content\/uploads\/2023\/03\/275613539_1083015805593038_3206052224545818473_n-768x635.jpg 768w\" sizes=\"auto, (max-width: 198px) 100vw, 198px\" \/><figcaption class=\"wp-element-caption\">PEPSI- w\u0142asny odch\u00f3w 2 pokolenie Happy Teddy<\/figcaption><\/figure>\n<\/div>\n\n\n\n<div class=\"wp-block-column is-layout-flow wp-block-column-is-layout-flow\">\n<figure class=\"wp-block-image size-full is-resized\"><img loading=\"lazy\" decoding=\"async\" src=\"http:\/\/hodowlahappyteddy.pl\/wp-content\/uploads\/2023\/03\/329402613_894467635039401_7974487059464000611_n-3.jpg\" alt=\"\" class=\"wp-image-1098\" width=\"202\" height=\"153\" srcset=\"https:\/\/hodowlahappyteddy.pl\/wp-content\/uploads\/2023\/03\/329402613_894467635039401_7974487059464000611_n-3.jpg 355w, https:\/\/hodowlahappyteddy.pl\/wp-content\/uploads\/2023\/03\/329402613_894467635039401_7974487059464000611_n-3-300x228.jpg 300w\" sizes=\"auto, (max-width: 202px) 100vw, 202px\" \/><figcaption class=\"wp-element-caption\">MILKA- w\u0142asny odch\u00f3w 3 pokolenie w Happy Teddy<\/figcaption><\/figure>\n<\/div>\n<\/div>\n\n\n\n<div class=\"wp-block-columns is-layout-flex wp-container-core-columns-is-layout-9d6595d7 wp-block-columns-is-layout-flex\">\n<div class=\"wp-block-column is-layout-flow wp-block-column-is-layout-flow\">\n<figure class=\"wp-block-image size-large is-resized\"><img loading=\"lazy\" decoding=\"async\" src=\"http:\/\/hodowlahappyteddy.pl\/wp-content\/uploads\/2023\/03\/170719920_883657618862192_1130495519405190602_n-1-945x1024.jpg\" alt=\"\" class=\"wp-image-1099\" width=\"184\" height=\"199\" srcset=\"https:\/\/hodowlahappyteddy.pl\/wp-content\/uploads\/2023\/03\/170719920_883657618862192_1130495519405190602_n-1-945x1024.jpg 945w, https:\/\/hodowlahappyteddy.pl\/wp-content\/uploads\/2023\/03\/170719920_883657618862192_1130495519405190602_n-1-277x300.jpg 277w, https:\/\/hodowlahappyteddy.pl\/wp-content\/uploads\/2023\/03\/170719920_883657618862192_1130495519405190602_n-1-768x833.jpg 768w, https:\/\/hodowlahappyteddy.pl\/wp-content\/uploads\/2023\/03\/170719920_883657618862192_1130495519405190602_n-1-1417x1536.jpg 1417w, https:\/\/hodowlahappyteddy.pl\/wp-content\/uploads\/2023\/03\/170719920_883657618862192_1130495519405190602_n-1-1105x1198.jpg 1105w, https:\/\/hodowlahappyteddy.pl\/wp-content\/uploads\/2023\/03\/170719920_883657618862192_1130495519405190602_n-1.jpg 1771w\" sizes=\"auto, (max-width: 184px) 100vw, 184px\" \/><figcaption class=\"wp-element-caption\">FLORYDA- w\u0142asny odch\u00f3w 2 pokolenie Happy Teddy<\/figcaption><\/figure>\n<\/div>\n\n\n\n<div class=\"wp-block-column is-layout-flow wp-block-column-is-layout-flow\">\n<figure class=\"wp-block-image size-large is-resized\"><img loading=\"lazy\" decoding=\"async\" src=\"http:\/\/hodowlahappyteddy.pl\/wp-content\/uploads\/2023\/03\/329337261_686709649858834_7641444805714342258_n-1-1024x769.jpg\" alt=\"\" class=\"wp-image-1100\" width=\"184\" height=\"138\" srcset=\"https:\/\/hodowlahappyteddy.pl\/wp-content\/uploads\/2023\/03\/329337261_686709649858834_7641444805714342258_n-1-1024x769.jpg 1024w, https:\/\/hodowlahappyteddy.pl\/wp-content\/uploads\/2023\/03\/329337261_686709649858834_7641444805714342258_n-1-300x225.jpg 300w, https:\/\/hodowlahappyteddy.pl\/wp-content\/uploads\/2023\/03\/329337261_686709649858834_7641444805714342258_n-1-768x577.jpg 768w, https:\/\/hodowlahappyteddy.pl\/wp-content\/uploads\/2023\/03\/329337261_686709649858834_7641444805714342258_n-1-1536x1153.jpg 1536w, https:\/\/hodowlahappyteddy.pl\/wp-content\/uploads\/2023\/03\/329337261_686709649858834_7641444805714342258_n-1-1105x830.jpg 1105w, https:\/\/hodowlahappyteddy.pl\/wp-content\/uploads\/2023\/03\/329337261_686709649858834_7641444805714342258_n-1.jpg 1737w\" sizes=\"auto, (max-width: 184px) 100vw, 184px\" \/><figcaption class=\"wp-element-caption\">NIRVANA YOUNG- w\u0142asny odch\u00f3w 2 pokolenie Happy Teddy<\/figcaption><\/figure>\n<\/div>\n\n\n\n<div class=\"wp-block-column is-layout-flow wp-block-column-is-layout-flow\">\n<figure class=\"wp-block-image size-large is-resized\"><img loading=\"lazy\" decoding=\"async\" src=\"http:\/\/hodowlahappyteddy.pl\/wp-content\/uploads\/2023\/03\/330633686_861860051769787_5477947015803783807_n-1-1024x873.jpg\" alt=\"\" class=\"wp-image-1101\" width=\"189\" height=\"161\" srcset=\"https:\/\/hodowlahappyteddy.pl\/wp-content\/uploads\/2023\/03\/330633686_861860051769787_5477947015803783807_n-1-1024x873.jpg 1024w, https:\/\/hodowlahappyteddy.pl\/wp-content\/uploads\/2023\/03\/330633686_861860051769787_5477947015803783807_n-1-300x256.jpg 300w, https:\/\/hodowlahappyteddy.pl\/wp-content\/uploads\/2023\/03\/330633686_861860051769787_5477947015803783807_n-1-768x655.jpg 768w, https:\/\/hodowlahappyteddy.pl\/wp-content\/uploads\/2023\/03\/330633686_861860051769787_5477947015803783807_n-1-1536x1310.jpg 1536w, https:\/\/hodowlahappyteddy.pl\/wp-content\/uploads\/2023\/03\/330633686_861860051769787_5477947015803783807_n-1-1105x942.jpg 1105w, https:\/\/hodowlahappyteddy.pl\/wp-content\/uploads\/2023\/03\/330633686_861860051769787_5477947015803783807_n-1.jpg 2048w\" sizes=\"auto, (max-width: 189px) 100vw, 189px\" \/><figcaption class=\"wp-element-caption\">LUKRECJA- w\u0142asny odch\u00f3w 3 pokolenie Happy Teddy<\/figcaption><\/figure>\n<\/div>\n<\/div>\n\n\n\n<div class=\"wp-block-columns is-layout-flex wp-container-core-columns-is-layout-9d6595d7 wp-block-columns-is-layout-flex\">\n<div class=\"wp-block-column is-layout-flow wp-block-column-is-layout-flow\">\n<figure class=\"wp-block-image size-full is-resized\"><img loading=\"lazy\" decoding=\"async\" src=\"http:\/\/hodowlahappyteddy.pl\/wp-content\/uploads\/2023\/03\/335449218_906641820428718_4601568914867441331_n.png\" alt=\"\" class=\"wp-image-1106\" width=\"198\" height=\"209\" srcset=\"https:\/\/hodowlahappyteddy.pl\/wp-content\/uploads\/2023\/03\/335449218_906641820428718_4601568914867441331_n.png 704w, https:\/\/hodowlahappyteddy.pl\/wp-content\/uploads\/2023\/03\/335449218_906641820428718_4601568914867441331_n-283x300.png 283w\" sizes=\"auto, (max-width: 198px) 100vw, 198px\" \/><figcaption class=\"wp-element-caption\">GOLDEN CLOUD &#8211; w\u0142asny odch\u00f3w 4 pokolenie Happy Teddy<\/figcaption><\/figure>\n<\/div>\n\n\n\n<div class=\"wp-block-column is-layout-flow wp-block-column-is-layout-flow\">\n<figure class=\"wp-block-image size-large is-resized\"><img loading=\"lazy\" decoding=\"async\" src=\"http:\/\/hodowlahappyteddy.pl\/wp-content\/uploads\/2023\/03\/330759454_3505433896410376_1832739493971581718_n-1-1024x1007.jpg\" alt=\"\" class=\"wp-image-1103\" width=\"199\" height=\"195\" srcset=\"https:\/\/hodowlahappyteddy.pl\/wp-content\/uploads\/2023\/03\/330759454_3505433896410376_1832739493971581718_n-1-1024x1007.jpg 1024w, https:\/\/hodowlahappyteddy.pl\/wp-content\/uploads\/2023\/03\/330759454_3505433896410376_1832739493971581718_n-1-300x295.jpg 300w, https:\/\/hodowlahappyteddy.pl\/wp-content\/uploads\/2023\/03\/330759454_3505433896410376_1832739493971581718_n-1-768x755.jpg 768w, https:\/\/hodowlahappyteddy.pl\/wp-content\/uploads\/2023\/03\/330759454_3505433896410376_1832739493971581718_n-1-1105x1086.jpg 1105w, https:\/\/hodowlahappyteddy.pl\/wp-content\/uploads\/2023\/03\/330759454_3505433896410376_1832739493971581718_n-1.jpg 1305w\" sizes=\"auto, (max-width: 199px) 100vw, 199px\" \/><figcaption class=\"wp-element-caption\">COBRA- w\u0142asny odch\u00f3w 2 pokolenie Happy Teddy <\/figcaption><\/figure>\n<\/div>\n\n\n\n<div class=\"wp-block-column is-layout-flow wp-block-column-is-layout-flow\">\n<figure class=\"wp-block-image size-large is-resized\"><img loading=\"lazy\" decoding=\"async\" src=\"http:\/\/hodowlahappyteddy.pl\/wp-content\/uploads\/2023\/03\/335462107_226739626424790_1667124131054344460_n-1-1024x1017.jpg\" alt=\"\" class=\"wp-image-1108\" width=\"193\" height=\"191\" srcset=\"https:\/\/hodowlahappyteddy.pl\/wp-content\/uploads\/2023\/03\/335462107_226739626424790_1667124131054344460_n-1-1024x1017.jpg 1024w, https:\/\/hodowlahappyteddy.pl\/wp-content\/uploads\/2023\/03\/335462107_226739626424790_1667124131054344460_n-1-300x298.jpg 300w, https:\/\/hodowlahappyteddy.pl\/wp-content\/uploads\/2023\/03\/335462107_226739626424790_1667124131054344460_n-1-768x763.jpg 768w, https:\/\/hodowlahappyteddy.pl\/wp-content\/uploads\/2023\/03\/335462107_226739626424790_1667124131054344460_n-1.jpg 1098w\" sizes=\"auto, (max-width: 193px) 100vw, 193px\" \/><figcaption class=\"wp-element-caption\">ARCADIA- w\u0142asny odch\u00f3w 2 pokolenie Happy Teddy<\/figcaption><\/figure>\n<\/div>\n<\/div>\n\n\n\n<p><\/p>\n","protected":false},"excerpt":{"rendered":"<p>WSZYSTKIE NASZE SAMICZKI URODZI\u0141Y SI\u0118 JU\u017b U NAS. ICH MAMY, BABCIE A NAWET PRA I PRAPRABABCIE MIESZKA\u0141Y W NASZEJ HODOWLI. DZI\u0118KI W\u0141ASNYM ODCHOWOM POTRAFIMY W DUZYM STOPNIU OCENI\u0106 CHARAKTER, BUDOW\u0118 ORAZ ZDROWIE PRZYSZ\u0141YCH POKOLE\u0143. DZIEWCZYNKI PO PROGRAMIE HODOWLANYM TRAFIAJA DO NAJLEPSZYCH DOM\u00d3W ADOPCYJNYCH.<\/p>\n","protected":false},"author":1,"featured_media":0,"parent":0,"menu_order":0,"comment_status":"closed","ping_status":"closed","template":"","meta":{"_themeisle_gutenberg_block_has_review":false,"footnotes":""},"class_list":["post-1012","page","type-page","status-publish","hentry"],"jetpack-related-posts":[{"id":6,"url":"https:\/\/hodowlahappyteddy.pl\/index.php\/o-happy-teddy\/","url_meta":{"origin":1012,"position":0},"title":"O NAS","date":"07\/10\/2022","format":false,"excerpt":"Mam na imi\u0119 Eliza. Hodowl\u0105 kr\u00f3lik\u00f3w miniaturowych zajmuj\u0119 si\u0119 od 2014 roku, natomiast stadko Karze\u0142k\u00f3w Teddy i oraz Mini Lop pod nazw\u0105 Happy Teddy prowadz\u0119 od 2017 roku. Moja hodowla zarejestrowana jest w Krajowym Zwi\u0105zku Hodowc\u00f3w Kr\u00f3lik\u00f3w pod nr 806-P. Mo\u017cna te\u017c nas znale\u017a\u0107 w bazie danych firm CEIDG. Wychodz\u0105c\u2026","rel":"","context":"Similar post","img":{"alt_text":"","src":"https:\/\/i0.wp.com\/hodowlahappyteddy.pl\/wp-content\/uploads\/2023\/02\/322484964_736768664203393_7632733645418792909_n-5.jpg?resize=350%2C200&ssl=1","width":350,"height":200},"classes":[]},{"id":128,"url":"https:\/\/hodowlahappyteddy.pl\/index.php\/nasze-kroliczki\/","url_meta":{"origin":1012,"position":1},"title":"NASZE KR\u00d3LICZKI","date":"07\/16\/2022","format":false,"excerpt":"Nasze kr\u00f3liki s\u0105 wyj\u0105tkowe. Ka\u017cdy ma swoje imi\u0119, sw\u00f3j indywidualny charakter, swoje potrzeby. Przez lata wypracowali\u015bmy w\u0142asne odchowy samiczek. Oznacza to, \u017ce dziewczyny, ich matki, babki, prababki urodzi\u0142y si\u0119 u nas. Dzi\u0119ki temu wiemy, jakie geny mamy. Potrafimy w du\u017cej mierze oceni\u0107 wielko\u015b\u0107 i budow\u0119 docelow\u0105 malucha oraz jego charakter.\u2026","rel":"","context":"Similar post","img":{"alt_text":"","src":"https:\/\/i0.wp.com\/hodowlahappyteddy.pl\/wp-content\/uploads\/2023\/02\/322484964_736768664203393_7632733645418792909_n-5.jpg?resize=350%2C200&ssl=1","width":350,"height":200},"classes":[]},{"id":116,"url":"https:\/\/hodowlahappyteddy.pl\/index.php\/nasze-samiczki\/","url_meta":{"origin":1012,"position":2},"title":"NASZE SAMICZKI","date":"07\/16\/2022","format":false,"excerpt":"","rel":"","context":"Similar post","img":{"alt_text":"","src":"","width":0,"height":0},"classes":[]},{"id":111,"url":"https:\/\/hodowlahappyteddy.pl\/index.php\/instrukcja-obslugi-kroliczka\/","url_meta":{"origin":1012,"position":3},"title":"INSTRUKCJA OBS\u0141UGI KR\u00d3LICZKA","date":"07\/16\/2022","format":false,"excerpt":"1) NAJPIERW KR\u00d3TKA CHARAKTERYSTYKA TEGO S\u0141ODKIEGO ZWIERZA ;) No w\u0142a\u015bnie, czy kr\u00f3lik jest s\u0142odki czy tylko jest tak postrzegany ? Owszem, potrafi by\u0107 przytula\u015bny i kochany, ale ma te\u017c sw\u00f3j charakter i potrafi pokaza\u0107 r\u00f3\u017cki . Osoby, kt\u00f3re nie mia\u0142y nigdy do czynienia z tym zwierz\u0105tkiem, cz\u0119sto nie zdaja sobie\u2026","rel":"","context":"Similar post","img":{"alt_text":"","src":"","width":0,"height":0},"classes":[]},{"id":1014,"url":"https:\/\/hodowlahappyteddy.pl\/index.php\/samiczki-teddy\/","url_meta":{"origin":1012,"position":4},"title":"KARZE\u0141EK TEDDY","date":"02\/15\/2023","format":false,"excerpt":"BEZA w\u0142asny odch\u00f3w 2 pokolenie Happy Teddy RASTA w\u0142asny odch\u00f3w 2 pokolenie Happy Teddy GAMBIA w\u0142asny odch\u00f3w 2 pokolenie Happy Teddy BLUE ROSE w\u0142asny odch\u00f3w 3 pokolenie Happy Teddy FAMA w\u0142asny odch\u00f3w 3 pokolenie Happy Teddy BARBIE w\u0142asny odch\u00f3w 1 pokolenie Happy Teddy KIRA w\u0142asny odch\u00f3w 3 pokolenie Happy Teddy","rel":"","context":"Similar post","img":{"alt_text":"","src":"https:\/\/i0.wp.com\/hodowlahappyteddy.pl\/wp-content\/uploads\/2023\/03\/276167586_1091811988046753_456066531037165948_n-6.jpg?resize=350%2C200&ssl=1","width":350,"height":200},"classes":[]},{"id":1016,"url":"https:\/\/hodowlahappyteddy.pl\/index.php\/samczyki-mini-lop\/","url_meta":{"origin":1012,"position":5},"title":"MINI LOP","date":"02\/15\/2023","format":false,"excerpt":"PONI\u017bEJ NASZE OBECNE SAMCZYKI. CH\u0141OPC\u00d3W SPROWADZAMY CO KILKA LAT DLA WYMIANY GEN\u00d3W A STARSZYM PO PROGRAMIE HODOWLANYM SZUKAMY NAJLEPSZYCH DOM\u00d3W ADOPCYJNYCH. YOKER Mini Lop - hodowla Zwergwidder Von der Aller \/ Niemcy FORREST GUMP Mini Lop - hodowla Samteddys \/ Francja ANGUS YOUNG Mini Lop - hodowla Zwierzogr\u00f3d \/ Polska\u2026","rel":"","context":"Similar post","img":{"alt_text":"","src":"https:\/\/i0.wp.com\/hodowlahappyteddy.pl\/wp-content\/uploads\/2023\/03\/331225144_904871920779891_5864052023284323190_n.jpg?resize=350%2C200&ssl=1","width":350,"height":200},"classes":[]}],"_links":{"self":[{"href":"https:\/\/hodowlahappyteddy.pl\/index.php\/wp-json\/wp\/v2\/pages\/1012","targetHints":{"allow":["GET"]}}],"collection":[{"href":"https:\/\/hodowlahappyteddy.pl\/index.php\/wp-json\/wp\/v2\/pages"}],"about":[{"href":"https:\/\/hodowlahappyteddy.pl\/index.php\/wp-json\/wp\/v2\/types\/page"}],"author":[{"embeddable":true,"href":"https:\/\/hodowlahappyteddy.pl\/index.php\/wp-json\/wp\/v2\/users\/1"}],"replies":[{"embeddable":true,"href":"https:\/\/hodowlahappyteddy.pl\/index.php\/wp-json\/wp\/v2\/comments?post=1012"}],"version-history":[{"count":15,"href":"https:\/\/hodowlahappyteddy.pl\/index.php\/wp-json\/wp\/v2\/pages\/1012\/revisions"}],"predecessor-version":[{"id":1149,"href":"https:\/\/hodowlahappyteddy.pl\/index.php\/wp-json\/wp\/v2\/pages\/1012\/revisions\/1149"}],"wp:attachment":[{"href":"https:\/\/hodowlahappyteddy.pl\/index.php\/wp-json\/wp\/v2\/media?parent=1012"}],"curies":[{"name":"wp","href":"https:\/\/api.w.org\/{rel}","templated":true}]}}